{"id":150,"date":"2021-03-05T14:30:26","date_gmt":"2021-03-05T14:30:26","guid":{"rendered":"https:\/\/www.grace-initiative.eu\/?page_id=150"},"modified":"2021-06-14T15:56:56","modified_gmt":"2021-06-14T15:56:56","slug":"privacy-policy-ro","status":"publish","type":"page","link":"https:\/\/www.grace-initiative.eu\/?page_id=150&lang=ro","title":{"rendered":"Politica de confidentialitate"},"content":{"rendered":"\r\n<p>Confiden\u021bialitatea dvs. este important\u0103 pentru noi. Accesul la datele dvs. personale este supus unor controale stricte de securitate, iar informa\u021biile nu vor fi refolosite \u00eentr-un scop incompatibil.<\/p>\r\n<p><strong>Datele de identificare<\/strong><\/p>\r\n<p>Prin utilizarea \/ vizitarea acestui site web, datele dvs. personale sunt colectate \u0219i prelucrate numai \u00een m\u0103sura necesar\u0103 analizei traficului pe internet. Vom primi doar informa\u021bii pe care browserul dvs. \u0219i set\u0103rile Google ne permit s\u0103 le includem \u00een analiz\u0103. \u00cen cazul \u00een care ne contacta\u021bi prin e-mail, vom colecta datele dvs. personale numai \u00een m\u0103sura necesar\u0103 pentru a v\u0103 oferi un r\u0103spuns: numele, prenumele, datele de contact (adresa de e-mail, num\u0103rul de telefon dac\u0103 este necesar un apel \u00eenapoi), limba preferat\u0103. \u00cen anumite cazuri, \u021bara de re\u0219edin\u021b\u0103 \u0219i na\u021bionalitatea sunt, de asemenea, obligatorii.<\/p>\r\n<p><strong>Cine are acces la informa\u021biile dvs. \/ cui este dezv\u0103luit?<\/strong><\/p>\r\n<p>Numai personalul restric\u021bionat al parteneriatului are acces la datele dvs. Ei au semnat un contract care \u00eei oblig\u0103 \u00een mod legal s\u0103 respecte legisla\u021bia aplicabil\u0103 privind protec\u021bia \u0219i prelucrarea datelor cu caracter personal \u0219i, mai precis, cu Regulamentul (CE) nr. 45\/2001. \u00cen m\u0103sura \u00een care avem nevoie de ele pentru a ne dovedi activit\u0103\u021bile, acestea vor fi transmise Comisiei Europene.<\/p>\r\n<p><strong>Acces la datele dvs. personale<\/strong><\/p>\r\n<p>Nu ave\u021bi acces direct la datele stocate pe serverul nostru. Dac\u0103 dori\u021bi s\u0103 modifica\u021bi sau s\u0103 \u0219terge\u021bi datele dvs. personale sau dori\u021bi s\u0103 \u0219ti\u021bi ce date personale sunt stocate \u00een numele dvs., v\u0103 rug\u0103m s\u0103 trimite\u021bi un mesaj coordonatorului de proiect sau organiza\u021biei dvs. partenere na\u021bionale. Ve\u021bi primi un r\u0103spuns \u00een termen de 15 zile lucr\u0103toare.<\/p>\r\n<p><strong>C<\/strong><strong>\u00e2t timp sunt pastrate datele dvs.?<\/strong><\/p>\r\n<p>Toate datele personale primite \u0219i stocate sunt \u0219terse la 10 ani de la sf\u00e2r\u0219itul proiectului.<\/p>\r\n<p><strong>Cum v\u0103 protej\u0103m \u0219i protej\u0103m informa\u021biile?<\/strong><\/p>\r\n<p>Datele personale colectate \u0219i toate informa\u021biile legate de consultarea men\u021bionat\u0103 mai sus sunt stocate pe un computer al subcontractantului extern a\u0219a cum este descris mai sus, ac\u021bion\u00e2nd ca procesator, care trebuie s\u0103 garanteze protec\u021bia datelor \u0219i confiden\u021bialitatea cerute de Regulamentul (CE) 45\/2001 .<\/p>\r\n<p><strong>Informa\u021bii de contact<\/strong><\/p>\r\n<p>Pentru mai multe informa\u021bii, v\u0103 ve\u021bi contacta <a href=\"https:\/\/www.grace-initiative.eu\/?page_id=145&amp;lang=ro\">coordonatorul proiectului<\/a>. \u00a0<\/p>\r\n<h3 class=\"wp-block-heading\">Notificare cookie<\/h3>\r\n<p>Folosim cookie-uri pentru a ne asigura c\u0103 v\u0103 oferim cea mai bun\u0103 experien\u021b\u0103 pe site-ul nostru \u0219i pentru a analiza traficul de pe acest site (Google Analytics).<\/p>\r\n<h3>Imprima<\/h3>\r\n<p>Proprietarul paginii \u0219i con\u021binutul: <br \/>Consultor\u00eda de Innovaci\u00f3n Social <br \/>Portales El Carmen Edificio &#8220;San Juan&#8221; K1<br \/>ES-29700 V\u00e9lez-M\u00e1laga<br \/>NIF: B93737708 <br \/><a href=\"https:\/\/www.cis-es.org\/\">www.cis-es.org<\/a><\/p>\r\n\r\n\r\n","protected":false},"excerpt":{"rendered":"<p>Confiden\u021bialitatea dvs. este important\u0103 pentru noi. Accesul la datele dvs. personale este supus unor controale stricte de securitate, iar informa\u021biile nu vor fi refolosite \u00eentr-un scop incompatibil. Datele de identificare Prin utilizarea \/ vizitarea acestui site web, datele dvs. personale sunt colectate \u0219i prelucrate numai \u00een m\u0103sura necesar\u0103 analizei traficului pe internet. Vom primi doar&hellip;&nbsp;<a href=\"https:\/\/www.grace-initiative.eu\/?page_id=150&#038;lang=ro\" rel=\"bookmark\">Read More &raquo;<span class=\"screen-reader-text\">Politica de confidentialitate<\/span><\/a><\/p>\n","protected":false},"author":1,"featured_media":0,"parent":0,"menu_order":84,"comment_status":"closed","ping_status":"closed","template":"","meta":{"neve_meta_sidebar":"full-width","neve_meta_container":"","neve_meta_enable_content_width":"on","neve_meta_content_width":100,"neve_meta_title_alignment":"","neve_meta_author_avatar":"","neve_post_elements_order":"","neve_meta_disable_header":"","neve_meta_disable_footer":"","neve_meta_disable_title":"","footnotes":""},"class_list":["post-150","page","type-page","status-publish","hentry"],"_links":{"self":[{"href":"https:\/\/www.grace-initiative.eu\/index.php?rest_route=\/wp\/v2\/pages\/150","targetHints":{"allow":["GET"]}}],"collection":[{"href":"https:\/\/www.grace-initiative.eu\/index.php?rest_route=\/wp\/v2\/pages"}],"about":[{"href":"https:\/\/www.grace-initiative.eu\/index.php?rest_route=\/wp\/v2\/types\/page"}],"author":[{"embeddable":true,"href":"https:\/\/www.grace-initiative.eu\/index.php?rest_route=\/wp\/v2\/users\/1"}],"replies":[{"embeddable":true,"href":"https:\/\/www.grace-initiative.eu\/index.php?rest_route=%2Fwp%2Fv2%2Fcomments&post=150"}],"version-history":[{"count":6,"href":"https:\/\/www.grace-initiative.eu\/index.php?rest_route=\/wp\/v2\/pages\/150\/revisions"}],"predecessor-version":[{"id":549,"href":"https:\/\/www.grace-initiative.eu\/index.php?rest_route=\/wp\/v2\/pages\/150\/revisions\/549"}],"wp:attachment":[{"href":"https:\/\/www.grace-initiative.eu\/index.php?rest_route=%2Fwp%2Fv2%2Fmedia&parent=150"}],"curies":[{"name":"wp","href":"https:\/\/api.w.org\/{rel}","templated":true}]}}