{"id":143,"date":"2021-03-05T14:28:05","date_gmt":"2021-03-05T14:28:05","guid":{"rendered":"https:\/\/www.grace-initiative.eu\/?page_id=143"},"modified":"2023-04-03T13:11:53","modified_gmt":"2023-04-03T13:11:53","slug":"rezultate","status":"publish","type":"page","link":"https:\/\/www.grace-initiative.eu\/?page_id=143&lang=ro","title":{"rendered":"Rezultate"},"content":{"rendered":"\t\t<div data-elementor-type=\"wp-page\" data-elementor-id=\"143\" class=\"elementor elementor-143\">\n\t\t\t\t\t\t<section class=\"elementor-section elementor-top-section elementor-element elementor-element-7fb3149 elementor-section-boxed elementor-section-height-default elementor-section-height-default\" data-id=\"7fb3149\" data-element_type=\"section\">\n\t\t\t\t\t\t<div class=\"elementor-container elementor-column-gap-default\">\n\t\t\t\t\t<div class=\"elementor-column elementor-col-100 elementor-top-column elementor-element elementor-element-eda3e51\" data-id=\"eda3e51\" data-element_type=\"column\">\n\t\t\t<div class=\"elementor-widget-wrap elementor-element-populated\">\n\t\t\t\t\t\t<div class=\"elementor-element elementor-element-6b5f628 elementor-widget elementor-widget-spacer\" data-id=\"6b5f628\" data-element_type=\"widget\" data-widget_type=\"spacer.default\">\n\t\t\t\t<div class=\"elementor-widget-container\">\n\t\t\t\t\t\t\t<div class=\"elementor-spacer\">\n\t\t\t<div class=\"elementor-spacer-inner\"><\/div>\n\t\t<\/div>\n\t\t\t\t\t\t<\/div>\n\t\t\t\t<\/div>\n\t\t\t\t\t<\/div>\n\t\t<\/div>\n\t\t\t\t\t<\/div>\n\t\t<\/section>\n\t\t\t\t<section class=\"elementor-section elementor-top-section elementor-element elementor-element-3870bf5 elementor-section-boxed elementor-section-height-default elementor-section-height-default\" data-id=\"3870bf5\" data-element_type=\"section\">\n\t\t\t\t\t\t<div class=\"elementor-container elementor-column-gap-default\">\n\t\t\t\t\t<div class=\"elementor-column elementor-col-100 elementor-top-column elementor-element elementor-element-8b988eb\" data-id=\"8b988eb\" data-element_type=\"column\">\n\t\t\t<div class=\"elementor-widget-wrap elementor-element-populated\">\n\t\t\t\t\t\t<div class=\"elementor-element elementor-element-5c2b17e elementor-widget elementor-widget-heading\" data-id=\"5c2b17e\" data-element_type=\"widget\" data-widget_type=\"heading.default\">\n\t\t\t\t<div class=\"elementor-widget-container\">\n\t\t\t\t\t<h1 class=\"elementor-heading-title elementor-size-default\">Rezultate<\/h1>\t\t\t\t<\/div>\n\t\t\t\t<\/div>\n\t\t\t\t\t<\/div>\n\t\t<\/div>\n\t\t\t\t\t<\/div>\n\t\t<\/section>\n\t\t\t\t<section class=\"elementor-section elementor-top-section elementor-element elementor-element-6ff30fb elementor-section-boxed elementor-section-height-default elementor-section-height-default\" data-id=\"6ff30fb\" data-element_type=\"section\">\n\t\t\t\t\t\t<div class=\"elementor-container elementor-column-gap-default\">\n\t\t\t\t\t<div class=\"elementor-column elementor-col-33 elementor-top-column elementor-element elementor-element-125801e\" data-id=\"125801e\" data-element_type=\"column\">\n\t\t\t<div class=\"elementor-widget-wrap elementor-element-populated\">\n\t\t\t\t\t\t<div class=\"elementor-element elementor-element-b68c705 elementor-position-top elementor-widget elementor-widget-image-box\" data-id=\"b68c705\" data-element_type=\"widget\" data-widget_type=\"image-box.default\">\n\t\t\t\t<div class=\"elementor-widget-container\">\n\t\t\t\t\t<div class=\"elementor-image-box-wrapper\"><figure class=\"elementor-image-box-img\"><img fetchpriority=\"high\" decoding=\"async\" width=\"1920\" height=\"1275\" src=\"https:\/\/www.grace-initiative.eu\/wp-content\/uploads\/2021\/04\/work_exampleimg-4.jpg\" class=\"elementor-animation-sink attachment-full size-full wp-image-462\" alt=\"\" srcset=\"https:\/\/www.grace-initiative.eu\/wp-content\/uploads\/2021\/04\/work_exampleimg-4.jpg 1920w, https:\/\/www.grace-initiative.eu\/wp-content\/uploads\/2021\/04\/work_exampleimg-4-300x199.jpg 300w, https:\/\/www.grace-initiative.eu\/wp-content\/uploads\/2021\/04\/work_exampleimg-4-1024x680.jpg 1024w, https:\/\/www.grace-initiative.eu\/wp-content\/uploads\/2021\/04\/work_exampleimg-4-768x510.jpg 768w, https:\/\/www.grace-initiative.eu\/wp-content\/uploads\/2021\/04\/work_exampleimg-4-1536x1020.jpg 1536w\" sizes=\"(max-width: 1920px) 100vw, 1920px\" \/><\/figure><div class=\"elementor-image-box-content\"><h3 class=\"elementor-image-box-title\">Platforma educationala GRACE<\/h3><p class=\"elementor-image-box-description\">Platforma educa\u021bional\u0103 GRACE disponibil\u0103 \u00een toate limbile organiza\u021biilor partenere va fi un spa\u021biu educa\u021bional non-formal pentru \u00eenv\u0103\u021bare \u0219i comunicare deschis\u0103 \u0219i colaborativ\u0103, fiind totodat\u0103 un glosar de bune practici \u0219i alte resurse pentru micro\u00eentreprinderi. Va g\u0103zdui un curs online privind competen\u021bele digitale \u0219i antreprenoriatul digital pentru micro\u00eentreprinderi creative \u0219i culturale, adaptat nevoilor acestora, orientat spre inova\u021bie \u0219i \u00eembog\u0103\u021bit cu exerci\u021bii practice, scenarii reale de afaceri, exemple \u0219i studii de caz.<\/p><\/div><\/div>\t\t\t\t<\/div>\n\t\t\t\t<\/div>\n\t\t\t\t<div class=\"elementor-element elementor-element-334b196 elementor-align-center elementor-widget elementor-widget-button\" data-id=\"334b196\" data-element_type=\"widget\" data-widget_type=\"button.default\">\n\t\t\t\t<div class=\"elementor-widget-container\">\n\t\t\t\t\t\t\t\t\t<div class=\"elementor-button-wrapper\">\n\t\t\t\t\t<a class=\"elementor-button elementor-button-link elementor-size-sm elementor-animation-grow\" href=\"https:\/\/moodle.grace-initiative.eu\/login\/index.php\">\n\t\t\t\t\t\t<span class=\"elementor-button-content-wrapper\">\n\t\t\t\t\t\t\t\t\t<span class=\"elementor-button-text\">Disponibil aici<\/span>\n\t\t\t\t\t<\/span>\n\t\t\t\t\t<\/a>\n\t\t\t\t<\/div>\n\t\t\t\t\t\t\t\t<\/div>\n\t\t\t\t<\/div>\n\t\t\t\t\t<\/div>\n\t\t<\/div>\n\t\t\t\t<div class=\"elementor-column elementor-col-33 elementor-top-column elementor-element elementor-element-2a1784a\" data-id=\"2a1784a\" data-element_type=\"column\">\n\t\t\t<div class=\"elementor-widget-wrap elementor-element-populated\">\n\t\t\t\t\t\t<div class=\"elementor-element elementor-element-9f0924e elementor-position-top elementor-widget elementor-widget-image-box\" data-id=\"9f0924e\" data-element_type=\"widget\" data-widget_type=\"image-box.default\">\n\t\t\t\t<div class=\"elementor-widget-container\">\n\t\t\t\t\t<div class=\"elementor-image-box-wrapper\"><figure class=\"elementor-image-box-img\"><img decoding=\"async\" width=\"1920\" height=\"1275\" src=\"https:\/\/www.grace-initiative.eu\/wp-content\/uploads\/2021\/04\/ipad-605439_1920-4.jpg\" class=\"elementor-animation-sink attachment-full size-full wp-image-460\" alt=\"\" srcset=\"https:\/\/www.grace-initiative.eu\/wp-content\/uploads\/2021\/04\/ipad-605439_1920-4.jpg 1920w, https:\/\/www.grace-initiative.eu\/wp-content\/uploads\/2021\/04\/ipad-605439_1920-4-300x199.jpg 300w, https:\/\/www.grace-initiative.eu\/wp-content\/uploads\/2021\/04\/ipad-605439_1920-4-1024x680.jpg 1024w, https:\/\/www.grace-initiative.eu\/wp-content\/uploads\/2021\/04\/ipad-605439_1920-4-768x510.jpg 768w, https:\/\/www.grace-initiative.eu\/wp-content\/uploads\/2021\/04\/ipad-605439_1920-4-1536x1020.jpg 1536w\" sizes=\"(max-width: 1920px) 100vw, 1920px\" \/><\/figure><div class=\"elementor-image-box-content\"><h3 class=\"elementor-image-box-title\">Set de instrumente pentru educatorii adul\u021bi<\/h3><p class=\"elementor-image-box-description\">Un set de instrumente pentru educatorii adul\u021bi care va con\u021bine informa\u021bii, \u00eendrum\u0103ri practice, resurse relevante \u0219i actualizate pentru a instrui micro\u00eentreprinderile \u00een implementarea antreprenoriatului digital. De asemenea, va sprijini formarea competen\u021belor culturale \u0219i creative care s\u0103-i ajute la \u00eenceperea afacerii lor.<\/p><\/div><\/div>\t\t\t\t<\/div>\n\t\t\t\t<\/div>\n\t\t\t\t<div class=\"elementor-element elementor-element-00af70c elementor-align-center elementor-widget elementor-widget-button\" data-id=\"00af70c\" data-element_type=\"widget\" data-widget_type=\"button.default\">\n\t\t\t\t<div class=\"elementor-widget-container\">\n\t\t\t\t\t\t\t\t\t<div class=\"elementor-button-wrapper\">\n\t\t\t\t\t<a class=\"elementor-button elementor-button-link elementor-size-sm elementor-animation-grow\" href=\"https:\/\/www.grace-initiative.eu\/wp-content\/uploads\/2022\/10\/Toolkit-IO2-GRACE-RO.pdf\" target=\"_blank\">\n\t\t\t\t\t\t<span class=\"elementor-button-content-wrapper\">\n\t\t\t\t\t\t\t\t\t<span class=\"elementor-button-text\">Disponibil aici<\/span>\n\t\t\t\t\t<\/span>\n\t\t\t\t\t<\/a>\n\t\t\t\t<\/div>\n\t\t\t\t\t\t\t\t<\/div>\n\t\t\t\t<\/div>\n\t\t\t\t\t<\/div>\n\t\t<\/div>\n\t\t\t\t<div class=\"elementor-column elementor-col-33 elementor-top-column elementor-element elementor-element-791a348\" data-id=\"791a348\" data-element_type=\"column\">\n\t\t\t<div class=\"elementor-widget-wrap elementor-element-populated\">\n\t\t\t\t\t\t<div class=\"elementor-element elementor-element-e69d739 elementor-position-top elementor-widget elementor-widget-image-box\" data-id=\"e69d739\" data-element_type=\"widget\" data-widget_type=\"image-box.default\">\n\t\t\t\t<div class=\"elementor-widget-container\">\n\t\t\t\t\t<div class=\"elementor-image-box-wrapper\"><figure class=\"elementor-image-box-img\"><img decoding=\"async\" width=\"1920\" height=\"1280\" src=\"https:\/\/www.grace-initiative.eu\/wp-content\/uploads\/2021\/04\/laptop-1478822_1920-4.jpg\" class=\"elementor-animation-sink attachment-full size-full wp-image-461\" alt=\"\" srcset=\"https:\/\/www.grace-initiative.eu\/wp-content\/uploads\/2021\/04\/laptop-1478822_1920-4.jpg 1920w, https:\/\/www.grace-initiative.eu\/wp-content\/uploads\/2021\/04\/laptop-1478822_1920-4-300x200.jpg 300w, https:\/\/www.grace-initiative.eu\/wp-content\/uploads\/2021\/04\/laptop-1478822_1920-4-1024x683.jpg 1024w, https:\/\/www.grace-initiative.eu\/wp-content\/uploads\/2021\/04\/laptop-1478822_1920-4-768x512.jpg 768w, https:\/\/www.grace-initiative.eu\/wp-content\/uploads\/2021\/04\/laptop-1478822_1920-4-1536x1024.jpg 1536w, https:\/\/www.grace-initiative.eu\/wp-content\/uploads\/2021\/04\/laptop-1478822_1920-4-930x620.jpg 930w\" sizes=\"(max-width: 1920px) 100vw, 1920px\" \/><\/figure><div class=\"elementor-image-box-content\"><h3 class=\"elementor-image-box-title\">Raport de recomandari pentru politici<\/h3><p class=\"elementor-image-box-description\">Raportul de recomand\u0103ri de politici \u0219i lec\u021bii \u00eenv\u0103\u021bate; contribu\u021bia proiectului GRACE la agenda politic\u0103, aprofund\u00e2nd \u00eentreb\u0103rile legate de nevoile de formare, barierele care trebuie dep\u0103\u0219ite \u0219i c\u0103ile educa\u021bionale care pot fi create pentru a avansa abilit\u0103\u021bile micro\u00eentreprinderilor culturale \u0219i creative. Ghid despre dezvoltare \u0219i transferabilitate, care va fi un rezultat cheie pentru sustenabilitatea proiectului. Ghidul se va baza pe experien\u021ba din timpul proiectului \u0219i va prezenta un plan privind dezvoltarea sa \u00een alte \u021b\u0103ri \u0219i contexte.<\/p><\/div><\/div>\t\t\t\t<\/div>\n\t\t\t\t<\/div>\n\t\t\t\t<div class=\"elementor-element elementor-element-733315d elementor-align-center elementor-widget elementor-widget-button\" data-id=\"733315d\" data-element_type=\"widget\" data-widget_type=\"button.default\">\n\t\t\t\t<div class=\"elementor-widget-container\">\n\t\t\t\t\t\t\t\t\t<div class=\"elementor-button-wrapper\">\n\t\t\t\t\t<a class=\"elementor-button elementor-button-link elementor-size-sm elementor-animation-grow\" href=\"https:\/\/www.grace-initiative.eu\/wp-content\/uploads\/2023\/04\/GRACE-IO4-RO.pdf\" target=\"_blank\">\n\t\t\t\t\t\t<span class=\"elementor-button-content-wrapper\">\n\t\t\t\t\t\t\t\t\t<span class=\"elementor-button-text\">Disponibil aici<\/span>\n\t\t\t\t\t<\/span>\n\t\t\t\t\t<\/a>\n\t\t\t\t<\/div>\n\t\t\t\t\t\t\t\t<\/div>\n\t\t\t\t<\/div>\n\t\t\t\t\t<\/div>\n\t\t<\/div>\n\t\t\t\t\t<\/div>\n\t\t<\/section>\n\t\t\t\t<section class=\"elementor-section elementor-top-section elementor-element elementor-element-89eaebb elementor-section-boxed elementor-section-height-default elementor-section-height-default\" data-id=\"89eaebb\" data-element_type=\"section\">\n\t\t\t\t\t\t<div class=\"elementor-container elementor-column-gap-default\">\n\t\t\t\t\t<div class=\"elementor-column elementor-col-100 elementor-top-column elementor-element elementor-element-a2a97ea\" data-id=\"a2a97ea\" data-element_type=\"column\">\n\t\t\t<div class=\"elementor-widget-wrap elementor-element-populated\">\n\t\t\t\t\t\t<div class=\"elementor-element elementor-element-c7945e1 elementor-widget elementor-widget-spacer\" data-id=\"c7945e1\" data-element_type=\"widget\" data-widget_type=\"spacer.default\">\n\t\t\t\t<div class=\"elementor-widget-container\">\n\t\t\t\t\t\t\t<div class=\"elementor-spacer\">\n\t\t\t<div class=\"elementor-spacer-inner\"><\/div>\n\t\t<\/div>\n\t\t\t\t\t\t<\/div>\n\t\t\t\t<\/div>\n\t\t\t\t\t<\/div>\n\t\t<\/div>\n\t\t\t\t\t<\/div>\n\t\t<\/section>\n\t\t\t\t<\/div>\n\t\t","protected":false},"excerpt":{"rendered":"<p>Rezultate Platforma educationala GRACE Platforma educa\u021bional\u0103 GRACE disponibil\u0103 \u00een toate limbile organiza\u021biilor partenere va fi un spa\u021biu educa\u021bional non-formal pentru \u00eenv\u0103\u021bare \u0219i comunicare deschis\u0103 \u0219i colaborativ\u0103, fiind totodat\u0103 un glosar de bune practici \u0219i alte resurse pentru micro\u00eentreprinderi. Va g\u0103zdui un curs online privind competen\u021bele digitale \u0219i antreprenoriatul digital pentru micro\u00eentreprinderi creative \u0219i culturale, adaptat&hellip;&nbsp;<a href=\"https:\/\/www.grace-initiative.eu\/?page_id=143&#038;lang=ro\" rel=\"bookmark\">Read More &raquo;<span class=\"screen-reader-text\">Rezultate<\/span><\/a><\/p>\n","protected":false},"author":1,"featured_media":0,"parent":0,"menu_order":44,"comment_status":"closed","ping_status":"closed","template":"page-templates\/template-pagebuilder-full-width.php","meta":{"neve_meta_sidebar":"full-width","neve_meta_container":"","neve_meta_enable_content_width":"on","neve_meta_content_width":100,"neve_meta_title_alignment":"","neve_meta_author_avatar":"","neve_post_elements_order":"","neve_meta_disable_header":"","neve_meta_disable_footer":"","neve_meta_disable_title":"","footnotes":""},"class_list":["post-143","page","type-page","status-publish","hentry"],"_links":{"self":[{"href":"https:\/\/www.grace-initiative.eu\/index.php?rest_route=\/wp\/v2\/pages\/143","targetHints":{"allow":["GET"]}}],"collection":[{"href":"https:\/\/www.grace-initiative.eu\/index.php?rest_route=\/wp\/v2\/pages"}],"about":[{"href":"https:\/\/www.grace-initiative.eu\/index.php?rest_route=\/wp\/v2\/types\/page"}],"author":[{"embeddable":true,"href":"https:\/\/www.grace-initiative.eu\/index.php?rest_route=\/wp\/v2\/users\/1"}],"replies":[{"embeddable":true,"href":"https:\/\/www.grace-initiative.eu\/index.php?rest_route=%2Fwp%2Fv2%2Fcomments&post=143"}],"version-history":[{"count":19,"href":"https:\/\/www.grace-initiative.eu\/index.php?rest_route=\/wp\/v2\/pages\/143\/revisions"}],"predecessor-version":[{"id":793,"href":"https:\/\/www.grace-initiative.eu\/index.php?rest_route=\/wp\/v2\/pages\/143\/revisions\/793"}],"wp:attachment":[{"href":"https:\/\/www.grace-initiative.eu\/index.php?rest_route=%2Fwp%2Fv2%2Fmedia&parent=143"}],"curies":[{"name":"wp","href":"https:\/\/api.w.org\/{rel}","templated":true}]}}