{"id":118,"date":"2021-03-05T14:17:26","date_gmt":"2021-03-05T14:17:26","guid":{"rendered":"https:\/\/www.grace-initiative.eu\/?page_id=118"},"modified":"2021-07-22T12:38:21","modified_gmt":"2021-07-22T12:38:21","slug":"declaracao-de-privacidade-de-dados","status":"publish","type":"page","link":"https:\/\/www.grace-initiative.eu\/?page_id=118&lang=pt","title":{"rendered":"Pol\u00edtica de confidencialidade"},"content":{"rendered":"\r\n<p>A sua privacidade \u00e9 importante para n\u00f3s. O acesso \u00e0 sua informa\u00e7\u00e3o pessoal encontra-se sujeito a estritos controlos de seguran\u00e7a e a informa\u00e7\u00e3o n\u00e3o ser\u00e1 reutilizada para um prop\u00f3sito compat\u00edvel.<\/p>\r\n<p><strong>Dados de identifica\u00e7\u00e3o<\/strong><\/p>\r\n<p>Ao usar\/visitar este website, a sua informa\u00e7\u00e3o pessoal apenas \u00e9 recolhida e processada na medida necess\u00e1ria \u00e0 an\u00e1lise do tr\u00e1fego da internet. N\u00f3s apenas receberemos informa\u00e7\u00f5es que o seu brower e par\u00e2metros do Google nos permitem incluir na an\u00e1lise. No caso de nos contactar por email, iremos recolher a sua informa\u00e7\u00e3o pessoal na medida necess\u00e1ria para que receba uma resposta: nome, apelido, detalhes de contacto (endere\u00e7o de correio eletr\u00f3nico, n\u00famero de telem\u00f3vel, caso seja necess\u00e1rio ligar-lhe de volta), l\u00edngua de prefer\u00eancia. Em certos casos, o pa\u00eds de resid\u00eancia e a nacionalidade s\u00e3o tamb\u00e9m obrigat\u00f3rios.<\/p>\r\n<p><strong>Quem tem acesso \u00e0 sua informa\u00e7\u00e3o? A quem \u00e9 disponibilizada?<\/strong><\/p>\r\n<p>Apenas pessoal restrito da parceria em acesso aos seus dados. Estes assinaram um contrato que os obriga legalmente a agir em conformidade com a legisla\u00e7\u00e3o referente \u00e0 prote\u00e7\u00e3o e processamento de dados pessoais, e mais especificamente com o Regulamento (CE) n\u00ba 45\/2001. Na medida em que precisamos de fornecer provas das nossas atividades, estas ser\u00e3o enviadas para a Comiss\u00e3o Europeia.<\/p>\r\n<p><strong>Acesso aos seus dados pessoais<\/strong><\/p>\r\n<p>N\u00e3o temos acesso direto aos dados guardados no servidor. Se desejar modificar ou apagar os seus dados pessoais, ou quiser saber que dados pessoais se encontram gravados em seu nome, por favor envie uma mensagem ao coordenador de projeto ou \u00e0 organiza\u00e7\u00e3o nacional da parceira. Ir\u00e1 receber uma resposta em 15 dias \u00fateis.<\/p>\r\n<p><strong>Durante quanto tempo s\u00e3o os dados guardados?<\/strong><\/p>\r\n<p>Todos os dados pessoais recebidos e armazenados ser\u00e3o apagados 10 anos ap\u00f3s o fim do projeto.<\/p>\r\n<p><strong>Como protejemos e salvaguardamos a sua informa\u00e7\u00e3o?<\/strong><\/p>\r\n<p>A informa\u00e7\u00e3o pessoal recolhida e toda a informa\u00e7\u00e3o relacionada com a consulta mencionada anteriormente \u00e9 guardada no computador do subcontratante externo, como descrito anteriormente, que atua como encarregado e tem de garantir a prote\u00e7\u00e3o e confidencialidade dos dados, como requerido pelo Regulamento (CE) 45\/2001.<\/p>\r\n<p><strong>Informa\u00e7\u00e3o de contacto<\/strong><\/p>\r\n<p>Para mais informa\u00e7\u00f5es, por favor <a href=\"https:\/\/www.grace-initiative.eu\/?page_id=120&amp;lang=pt\">contacte o coordenador do projeto<\/a>.<\/p>\r\n<p>&nbsp;<\/p>\r\n<h3 class=\"wp-block-heading\">Aviso de cookies<\/h3>\r\n<p>Usamos cookies de modo a garantir que lhe providenciamos a melhor experi\u00eancia no nosso website e analisamos o tr\u00e1fego neste website (Google Analytics)<\/p>\r\n<h3>Aviso legal<\/h3>\r\n<p>Propriet\u00e1rio da p\u00e1gina e conte\u00fado:<\/p>\r\n<p>Consultor\u00eda de Innovaci\u00f3n Social <br \/>Portales El Carmen Edificio &#8220;San Juan&#8221; K1 <br \/>ES-29700 V\u00e9lez-M\u00e1laga <br \/>NIF: B93737708 <br \/><a href=\"https:\/\/www.cis-es.org\/\">www.cis-es.org<\/a><\/p>\r\n\r\n\r\n","protected":false},"excerpt":{"rendered":"<p>A sua privacidade \u00e9 importante para n\u00f3s. O acesso \u00e0 sua informa\u00e7\u00e3o pessoal encontra-se sujeito a estritos controlos de seguran\u00e7a e a informa\u00e7\u00e3o n\u00e3o ser\u00e1 reutilizada para um prop\u00f3sito compat\u00edvel. Dados de identifica\u00e7\u00e3o Ao usar\/visitar este website, a sua informa\u00e7\u00e3o pessoal apenas \u00e9 recolhida e processada na medida necess\u00e1ria \u00e0 an\u00e1lise do tr\u00e1fego da internet.&hellip;&nbsp;<a href=\"https:\/\/www.grace-initiative.eu\/?page_id=118&#038;lang=pt\" rel=\"bookmark\">Read More &raquo;<span class=\"screen-reader-text\">Pol\u00edtica de confidencialidade<\/span><\/a><\/p>\n","protected":false},"author":1,"featured_media":0,"parent":0,"menu_order":83,"comment_status":"closed","ping_status":"closed","template":"","meta":{"neve_meta_sidebar":"full-width","neve_meta_container":"","neve_meta_enable_content_width":"on","neve_meta_content_width":100,"neve_meta_title_alignment":"","neve_meta_author_avatar":"","neve_post_elements_order":"","neve_meta_disable_header":"","neve_meta_disable_footer":"","neve_meta_disable_title":"","footnotes":""},"class_list":["post-118","page","type-page","status-publish","hentry"],"_links":{"self":[{"href":"https:\/\/www.grace-initiative.eu\/index.php?rest_route=\/wp\/v2\/pages\/118","targetHints":{"allow":["GET"]}}],"collection":[{"href":"https:\/\/www.grace-initiative.eu\/index.php?rest_route=\/wp\/v2\/pages"}],"about":[{"href":"https:\/\/www.grace-initiative.eu\/index.php?rest_route=\/wp\/v2\/types\/page"}],"author":[{"embeddable":true,"href":"https:\/\/www.grace-initiative.eu\/index.php?rest_route=\/wp\/v2\/users\/1"}],"replies":[{"embeddable":true,"href":"https:\/\/www.grace-initiative.eu\/index.php?rest_route=%2Fwp%2Fv2%2Fcomments&post=118"}],"version-history":[{"count":4,"href":"https:\/\/www.grace-initiative.eu\/index.php?rest_route=\/wp\/v2\/pages\/118\/revisions"}],"predecessor-version":[{"id":618,"href":"https:\/\/www.grace-initiative.eu\/index.php?rest_route=\/wp\/v2\/pages\/118\/revisions\/618"}],"wp:attachment":[{"href":"https:\/\/www.grace-initiative.eu\/index.php?rest_route=%2Fwp%2Fv2%2Fmedia&parent=118"}],"curies":[{"name":"wp","href":"https:\/\/api.w.org\/{rel}","templated":true}]}}