{"id":116,"date":"2021-03-05T14:16:33","date_gmt":"2021-03-05T14:16:33","guid":{"rendered":"https:\/\/www.grace-initiative.eu\/?page_id=116"},"modified":"2021-06-14T15:58:08","modified_gmt":"2021-06-14T15:58:08","slug":"politique-de-confidentialite","status":"publish","type":"page","link":"https:\/\/www.grace-initiative.eu\/?page_id=116&lang=fr","title":{"rendered":"Politique de confidentialit\u00e9"},"content":{"rendered":"\r\n<p>Votre vie priv\u00e9e est importante pour nous. L&#8217;acc\u00e8s \u00e0 vos donn\u00e9es personnelles est soumis \u00e0 des contr\u00f4les de s\u00e9curit\u00e9 stricts et les informations ne seront pas r\u00e9utilis\u00e9es \u00e0 des fins incompatibles.<\/p>\r\n<p><strong>Donn\u00e9es d&#8217;identification<\/strong><\/p>\r\n<p>En utilisant \/ visitant ce site Web, vos donn\u00e9es personnelles ne sont collect\u00e9es et trait\u00e9es que dans la mesure n\u00e9cessaire pour analyser le trafic Internet. Nous ne recevrons que les informations que votre navigateur et les param\u00e8tres Google nous permettent d&#8217;inclure dans l&#8217;analyse. Dans le cas o\u00f9 vous nous contactez par e-mail, nous ne collecterons vos donn\u00e9es personnelles que dans la mesure n\u00e9cessaire pour vous donner une r\u00e9ponse: nom, pr\u00e9nom, coordonn\u00e9es (adresse e-mail, num\u00e9ro de t\u00e9l\u00e9phone si un rappel est n\u00e9cessaire), langue pr\u00e9f\u00e9r\u00e9e. Dans certains cas, le pays de r\u00e9sidence et la nationalit\u00e9 sont \u00e9galement obligatoires.<\/p>\r\n<p><strong>Qui a acc\u00e8s \u00e0 vos informations \/ \u00e0 qui sont divulgu\u00e9es?<\/strong><\/p>\r\n<p>Seul le personnel restreint du partenariat a acc\u00e8s \u00e0 vos donn\u00e9es. Ils ont sign\u00e9 un contrat qui les oblige juridiquement \u00e0 se conformer \u00e0 la l\u00e9gislation applicable sur la protection et le traitement des donn\u00e9es \u00e0 caract\u00e8re personnel, et plus particuli\u00e8rement au r\u00e8glement (CE) n \u00b0 45\/2001. Dans la mesure o\u00f9 nous en aurons besoin pour prouver nos activit\u00e9s, ils seront transmis \u00e0 la Commission europ\u00e9enne.<\/p>\r\n<p><strong>Acc\u00e8s \u00e0 vos donn\u00e9es personnelles<\/strong><\/p>\r\n<p>Vous n&#8217;avez pas d&#8217;acc\u00e8s direct aux donn\u00e9es stock\u00e9es sur notre serveur. Si vous souhaitez modifier ou supprimer vos donn\u00e9es personnelles ou si vous souhaitez savoir quelles donn\u00e9es personnelles sont stock\u00e9es en votre nom, veuillez envoyer un message au coordinateur du projet ou \u00e0 votre organisation partenaire nationale. Vous recevrez une r\u00e9ponse sous 15 jours ouvr\u00e9s.<\/p>\r\n<p><strong>Combien de temps vos donn\u00e9es sont-elles conserv\u00e9es?<\/strong><\/p>\r\n<p>Toutes les donn\u00e9es personnelles re\u00e7ues et stock\u00e9es sont effac\u00e9es 10 ans apr\u00e8s la fin du projet.<\/p>\r\n<p><strong>Comment prot\u00e9geons-nous et prot\u00e9geons-nous vos informations?<\/strong><\/p>\r\n<p>Les donn\u00e9es personnelles collect\u00e9es et toutes les informations li\u00e9es \u00e0 la consultation susmentionn\u00e9e sont stock\u00e9es sur un ordinateur du sous-traitant externe tel que d\u00e9crit ci-dessus, agissant en tant que sous-traitant, qui doit garantir la protection et la confidentialit\u00e9 des donn\u00e9es requises par le r\u00e8glement (CE) 45 \/ 2001.<\/p>\r\n<p><strong>Informations de contact<\/strong><\/p>\r\n<p>Pour plus d&#8217;informations, veuillez contacter <a href=\"https:\/\/www.grace-initiative.eu\/?page_id=114&amp;lang=fr\">le coordinateur du projet.<\/a> \u00a0<\/p>\r\n<h3 class=\"wp-block-heading\">Avis sur les cookies<\/h3>\r\n<p>Nous utilisons des cookies pour vous garantir la meilleure exp\u00e9rience sur notre site Web et analyser le trafic sur ce site Web (Google Analytics).<\/p>\r\n<h3>Imprimer<\/h3>\r\n<p>Propri\u00e9taire et contenu de la page: <br \/>Consultor\u00eda de Innovaci\u00f3n Social <br \/>Portales El Carmen Edificio &#8220;San Juan&#8221; K1<br \/>ES-29700 V\u00e9lez-M\u00e1laga<br \/>NIF: B93737708 <br \/><a href=\"https:\/\/www.cis-es.org\/\">www.cis-es.org<\/a><\/p>\r\n\r\n\r\n","protected":false},"excerpt":{"rendered":"<p>Votre vie priv\u00e9e est importante pour nous. L&#8217;acc\u00e8s \u00e0 vos donn\u00e9es personnelles est soumis \u00e0 des contr\u00f4les de s\u00e9curit\u00e9 stricts et les informations ne seront pas r\u00e9utilis\u00e9es \u00e0 des fins incompatibles. Donn\u00e9es d&#8217;identification En utilisant \/ visitant ce site Web, vos donn\u00e9es personnelles ne sont collect\u00e9es et trait\u00e9es que dans la mesure n\u00e9cessaire pour analyser&hellip;&nbsp;<a href=\"https:\/\/www.grace-initiative.eu\/?page_id=116&#038;lang=fr\" rel=\"bookmark\">Read More &raquo;<span class=\"screen-reader-text\">Politique de confidentialit\u00e9<\/span><\/a><\/p>\n","protected":false},"author":1,"featured_media":0,"parent":0,"menu_order":82,"comment_status":"closed","ping_status":"closed","template":"","meta":{"neve_meta_sidebar":"full-width","neve_meta_container":"","neve_meta_enable_content_width":"on","neve_meta_content_width":100,"neve_meta_title_alignment":"","neve_meta_author_avatar":"","neve_post_elements_order":"","neve_meta_disable_header":"","neve_meta_disable_footer":"","neve_meta_disable_title":"","footnotes":""},"class_list":["post-116","page","type-page","status-publish","hentry"],"_links":{"self":[{"href":"https:\/\/www.grace-initiative.eu\/index.php?rest_route=\/wp\/v2\/pages\/116","targetHints":{"allow":["GET"]}}],"collection":[{"href":"https:\/\/www.grace-initiative.eu\/index.php?rest_route=\/wp\/v2\/pages"}],"about":[{"href":"https:\/\/www.grace-initiative.eu\/index.php?rest_route=\/wp\/v2\/types\/page"}],"author":[{"embeddable":true,"href":"https:\/\/www.grace-initiative.eu\/index.php?rest_route=\/wp\/v2\/users\/1"}],"replies":[{"embeddable":true,"href":"https:\/\/www.grace-initiative.eu\/index.php?rest_route=%2Fwp%2Fv2%2Fcomments&post=116"}],"version-history":[{"count":5,"href":"https:\/\/www.grace-initiative.eu\/index.php?rest_route=\/wp\/v2\/pages\/116\/revisions"}],"predecessor-version":[{"id":546,"href":"https:\/\/www.grace-initiative.eu\/index.php?rest_route=\/wp\/v2\/pages\/116\/revisions\/546"}],"wp:attachment":[{"href":"https:\/\/www.grace-initiative.eu\/index.php?rest_route=%2Fwp%2Fv2%2Fmedia&parent=116"}],"curies":[{"name":"wp","href":"https:\/\/api.w.org\/{rel}","templated":true}]}}