{"id":114,"date":"2021-03-05T14:15:54","date_gmt":"2021-03-05T14:15:54","guid":{"rendered":"https:\/\/www.grace-initiative.eu\/?page_id=114"},"modified":"2021-06-14T15:42:18","modified_gmt":"2021-06-14T15:42:18","slug":"les-partenaires","status":"publish","type":"page","link":"https:\/\/www.grace-initiative.eu\/?page_id=114&lang=fr","title":{"rendered":"Les partenaires"},"content":{"rendered":"\t<!-- wpshopmart team builder wrapper -->\r\n\t<div class=\"wpsm_team_2_b_row\" id=\"wpsm_team_2_b_row_533\">\r\n\t\t<div class=\"wpsm_row\">  \r\n\t\t\t<style>\r\n\t\t\t#wpsm_team_2_b_row_533 .wpsm_team_2_member_wrapper_inner h3{\r\n\t\t\t\tcolor:#000000 !important;\r\n\t\t\t\tfont-size:20px !important;\r\n\t\t\t\tfont-family:Arial !important;\r\n\t\t\t}\r\n\t\t\t\r\n\t\t\t#wpsm_team_2_b_row_533 .wpsm_team_2_b_desig{\r\n\t\t\t\tcolor:#000000 !important;\r\n\t\t\t\tfont-size:14px !important;\r\n\t\t\t\tfont-family:Arial !important;\r\n\t\t\t}\r\n\t\t\t#wpsm_team_2_b_row_533 .wpsm_team_2_b_desc{\r\n\t\t\t\tcolor:#000000 !important;\r\n\t\t\t\tfont-size:14px !important;\r\n\t\t\t\tfont-family:Arial !important;\r\n\t\t\t}\r\n\t\t\t#wpsm_team_2_b_row_533 .wpsm_team_2_social_div a i{\r\n\t\t\t\tcolor:#ee217f !important;\r\n\t\t\t\tborder-color:#ee217f !important;\r\n\t\t\t}\r\n\t\t\t#wpsm_team_2_b_row_533 .wpsm_team_2_member_wrapper{\r\n\t\t\t\tbackground:#ffffff !important;\r\n\t\t\t}\r\n\t\t\t\t\t\t<\/style>\r\n\t\t\t\t\t\t \r\n\t\t\t\t\t\r\n\t\t\t\t\t\r\n\t\t\t\t\t<div class=\"wpsm_col-md-6 wpsm_col-sm-6  wpsm-col-div\">\r\n\t\t\t\t\t\t<div class=\"wpsm_team_2_member_wrapper\">\r\n\t\t\t\t\t\t\t<img decoding=\"async\" class=\"img-responsive wpsm_team_2_mem_img\" src=\"https:\/\/www.grace-initiative.eu\/wp-content\/uploads\/2021\/04\/Ajuste-Logotipo_3-01.png\" alt=\"Asociatia European Association for Social Inovation\">\r\n\t\t\t\t\t\t\t<div class=\"wpsm_team_2_member_wrapper_inner\">\r\n\t\t\t\t\t\t\t\t<h3>\r\n\t\t\t\t\t\t\t\t\tAsociatia European Association for Social Inovation\t\t\t\t\t\t\t\t<\/h3>\r\n\t\t\t\t\t\t\t\t<span class=\"wpsm_team_2_b_desig\"> Roumanie <\/span> \t\t\t\t\t\t\t\t<div class=\"wpsm_team_2_social_div\">\r\n\t\t\t\t\t\t\t\t\t<a href=\"https:\/\/www.facebook.com\/easiromania\" target=\"_blank\" title=\"facebook profile\"><i class=\"fa fa-facebook\"><\/i><\/a> \t\t\t\t\t\t\t\t\t\t\t\t\t\t\t\t\t\t\t\t\t\t\t\t\t\t\t\t\t\t\t\t\t\t\t<\/div>\r\n\t\t\t\t\t\t\t\t<p class=\"wpsm_team_2_b_desc\"> EaSI, l'Association europ\u00e9enne pour l'innovation sociale, est un r\u00e9seau europ\u00e9en repr\u00e9sentant plus de 30 organisations de 15 pays europ\u00e9ens dont le but est l'avancement de l'innovation sociale en Europe. Les actions EaSI consistent \u00e0: \r\n\u2022 Concevoir et mettre en \u0153uvre des projets de R&amp;D (recherche et d\u00e9veloppement) et pilotes \r\n\u2022 Identifier et diffuser les meilleures pratiques de l'innovation sociale \r\n\u2022 Octroyer des subventions et des bourses concernant les pratiques, processus et syst\u00e8mes d'innovation sociale d\u00e9velopp\u00e9s dans les zones urbaines et rurales, services publiques, secteur tertiaire et secteur priv\u00e9. EASI est un partenaire cl\u00e9 de r\u00e9seautage au niveau europ\u00e9en, g\u00e9n\u00e9rant des id\u00e9es d'innovation sociale et diffusant les bonnes pratiques.\r\n<br> <br>\r\nNous contacter: secretariat@easi-socialinnovation.org <br>\r\nSite Internet: <a href=\"http:\/\/easi-socialinnovation.org\">www.easi-socialinnovation.org<\/a> <\/p> \t\t\t\t\t\t\t\t\r\n\t\t\t\t\t\t\t<\/div>\r\n\t\t\t\t\t\t<\/div>\r\n\t\t\t\t\t<\/div>\r\n\t\t\t\t\t\r\n\t\t\t\t\t\t\t\t\t\t\t\t\t \r\n\t\t\t\t\t\r\n\t\t\t\t\t\r\n\t\t\t\t\t<div class=\"wpsm_col-md-6 wpsm_col-sm-6  wpsm-col-div\">\r\n\t\t\t\t\t\t<div class=\"wpsm_team_2_member_wrapper\">\r\n\t\t\t\t\t\t\t<img decoding=\"async\" class=\"img-responsive wpsm_team_2_mem_img\" src=\"https:\/\/www.grace-initiative.eu\/wp-content\/uploads\/2021\/04\/Clio-Muse-Tours-1025x869_72dpi_140KB.jpg\" alt=\"Clio Muse Etairia Anaptixis Efarmogon Gia Ton Politismo Ike\">\r\n\t\t\t\t\t\t\t<div class=\"wpsm_team_2_member_wrapper_inner\">\r\n\t\t\t\t\t\t\t\t<h3>\r\n\t\t\t\t\t\t\t\t\tClio Muse Etairia Anaptixis Efarmogon Gia Ton Politismo Ike\t\t\t\t\t\t\t\t<\/h3>\r\n\t\t\t\t\t\t\t\t<span class=\"wpsm_team_2_b_desig\"> Gr\u00e8ce <\/span> \t\t\t\t\t\t\t\t<div class=\"wpsm_team_2_social_div\">\r\n\t\t\t\t\t\t\t\t\t<a href=\"https:\/\/www.facebook.com\/cliomusetours\" target=\"_blank\" title=\"facebook profile\"><i class=\"fa fa-facebook\"><\/i><\/a> \t\t\t\t\t\t\t\t\t\t\t\t\t\t\t\t\t\t<a href=\"https:\/\/www.linkedin.com\/company\/clio-muse\/\" target=\"_blank\" title=\"linkedin profile\"><i class=\"fa fa-linkedin\"><\/i><\/a>\t\t\t\t\t\t\t\t\t<a href=\"https:\/\/www.instagram.com\/cliomusetours\/\" target=\"_blank\" title=\"instagram profile\"><i class=\"fa fa-instagram\"><\/i><\/a>\t\t\t\t\t\t\t\t<\/div>\r\n\t\t\t\t\t\t\t\t<p class=\"wpsm_team_2_b_desc\"> Clio Muse Tours, une soci\u00e9t\u00e9 informatique bas\u00e9e \u00e0 Ath\u00e8nes, financ\u00e9e par VC en 2014, permet aux professionnels de cr\u00e9er des visites audio \/ virtuelles \/ coupe-files auto-guid\u00e9es via notre plate-forme de cr\u00e9ation en ligne, en suivant notre m\u00e9thodologie de narration. Les visites sont ensuite r\u00e9pertori\u00e9es sur toutes les principales OTA (par exemple, TripAdvisor, GetYourGuide, Expedia, Booking.com, Musement, etc.) que les voyageurs doivent r\u00e9server. L\u2019objectif de la soci\u00e9t\u00e9 est de cr\u00e9er des outils technologiques haut de gamme et de les utiliser pour rendre le patrimoine culturel mondial accessible \u00e0 un large public. Clio Muse Tours a \u00e9t\u00e9 s\u00e9lectionn\u00e9 comme laur\u00e9at de l'ODD8 - \u00abBons emplois et croissance \u00e9conomique\u00bb lors du concours mondial de d\u00e9marrage de l'OMT en f\u00e9vrier 2021, parmi 10 000 candidats.\r\n<br> <br>\r\nNous contacter: innovation@cliomusetours.com <br>\r\nSite Internet: <a href=\"https:\/\/cliomusetours.com\/\">www.cliomusetours.com<\/a> <\/p> \t\t\t\t\t\t\t\t\r\n\t\t\t\t\t\t\t<\/div>\r\n\t\t\t\t\t\t<\/div>\r\n\t\t\t\t\t<\/div>\r\n\t\t\t\t\t\r\n\t\t\t\t\t\t\t\t\t\t\t<\/div>\r\n\t\t\t\t\t\t<div class=\"wpsm_row\">\r\n\t\t\t\t\t\t\t\t\t\t\t\t\t\t \r\n\t\t\t\t\t\r\n\t\t\t\t\t\r\n\t\t\t\t\t<div class=\"wpsm_col-md-6 wpsm_col-sm-6  wpsm-col-div\">\r\n\t\t\t\t\t\t<div class=\"wpsm_team_2_member_wrapper\">\r\n\t\t\t\t\t\t\t<img decoding=\"async\" class=\"img-responsive wpsm_team_2_mem_img\" src=\"https:\/\/www.grace-initiative.eu\/wp-content\/uploads\/2021\/03\/font_dark.png\" alt=\"Consultor\u00eda de Innovaci\u00f3n Social\">\r\n\t\t\t\t\t\t\t<div class=\"wpsm_team_2_member_wrapper_inner\">\r\n\t\t\t\t\t\t\t\t<h3>\r\n\t\t\t\t\t\t\t\t\tConsultor\u00eda de Innovaci\u00f3n Social\t\t\t\t\t\t\t\t<\/h3>\r\n\t\t\t\t\t\t\t\t<span class=\"wpsm_team_2_b_desig\"> Espagne <\/span> \t\t\t\t\t\t\t\t<div class=\"wpsm_team_2_social_div\">\r\n\t\t\t\t\t\t\t\t\t<a href=\"https:\/\/www.facebook.com\/consultoriadeinnovacionsocial\" target=\"_blank\" title=\"facebook profile\"><i class=\"fa fa-facebook\"><\/i><\/a> \t\t\t\t\t\t\t\t\t\t\t\t\t\t\t\t\t\t<a href=\"https:\/\/www.linkedin.com\/company\/consultora-de-innovacin-social\/\" target=\"_blank\" title=\"linkedin profile\"><i class=\"fa fa-linkedin\"><\/i><\/a>\t\t\t\t\t\t\t\t\t\t\t\t\t\t\t\t\t<\/div>\r\n\t\t\t\t\t\t\t\t<p class=\"wpsm_team_2_b_desc\"> Utilisant des m\u00e9thodes innovantes dans l'\u00e9ducation et le travail social, les activit\u00e9s de l'association non lucrative Caminos ,fond\u00e9e en 2014, sont d\u00e9di\u00e9es a l'\u00e9ducation. Les principaux objectifs sont de favoriser les \u00e9changes et la communication, d'am\u00e9liorer les opportunit\u00e9s individuelles de d\u00e9veloppement et de soutenir l'inclusion sociale des cibles \u00e0 risque. \"Caminos\" devrait indiquer l'importance de trouver de nouvelles voies pour atteindre nos objectifs, de d\u00e9couvrir des ressources individuelles et des opportunit\u00e9s pour surmonter les d\u00e9fis actuels ensembles.\r\n<br> <br>\r\nNous contacter: info@cis-es.org <br>\r\nSite Internet: <a href=\"https:\/\/www.cis-es.org\/\">www.cis-es.org<\/a> <\/p> \t\t\t\t\t\t\t\t\r\n\t\t\t\t\t\t\t<\/div>\r\n\t\t\t\t\t\t<\/div>\r\n\t\t\t\t\t<\/div>\r\n\t\t\t\t\t\r\n\t\t\t\t\t\t\t\t\t\t\t\t\t \r\n\t\t\t\t\t\r\n\t\t\t\t\t\r\n\t\t\t\t\t<div class=\"wpsm_col-md-6 wpsm_col-sm-6  wpsm-col-div\">\r\n\t\t\t\t\t\t<div class=\"wpsm_team_2_member_wrapper\">\r\n\t\t\t\t\t\t\t<img decoding=\"async\" class=\"img-responsive wpsm_team_2_mem_img\" src=\"https:\/\/www.grace-initiative.eu\/wp-content\/uploads\/2021\/04\/CWC_LOGO_BLUE.png\" alt=\"Canary Wharf Consulting Limited\">\r\n\t\t\t\t\t\t\t<div class=\"wpsm_team_2_member_wrapper_inner\">\r\n\t\t\t\t\t\t\t\t<h3>\r\n\t\t\t\t\t\t\t\t\tCanary Wharf Consulting Limited\t\t\t\t\t\t\t\t<\/h3>\r\n\t\t\t\t\t\t\t\t<span class=\"wpsm_team_2_b_desig\"> Royaume-Uni <\/span> \t\t\t\t\t\t\t\t<div class=\"wpsm_team_2_social_div\">\r\n\t\t\t\t\t\t\t\t\t\t\t\t\t\t\t\t\t\t\t\t\t\t\t\t\t\t\t\t\t\t\t\t\t\t\t\t\t\t\t\t\t\t\t\t<\/div>\r\n\t\t\t\t\t\t\t\t<p class=\"wpsm_team_2_b_desc\"> Canary Wharf Consulting Limited est une soci\u00e9t\u00e9 de consultation britannique qui, depuis sa cr\u00e9ation, a r\u00e9ussi \u00e0 \u00e9tablir un bilan consid\u00e9rable de projets et partenariats \u00e0 fort impact, ajoutant de la valeur aux entreprises, organisations et institutions, et agences gouvernementales nationales et internationales. CWC offre des services de consultation de haut niveau \u00e0 une client\u00e8le diversifi\u00e9e du secteur public et priv\u00e9, \u00e0 des entreprises priv\u00e9es et jusqu'\u00e0 des entreprises sociales et aux institutions gouvernementales, ainsi qu'aux agences publiques. CWC offre des services en d\u00e9veloppement d'affaires; D\u00e9veloppement international; Consultation;Marketing et promotion des entreprises; Services informatiques et promotion des entreprises sur le Web.\r\n<br> <br>\r\nNous contacter: info@canarywharf-consulting.com <br>\r\nSite Internet: <a href=\"https:\/\/www.canarywharf-consulting.com\/\">www.canarywharf-consulting.com<\/a> <\/p> \t\t\t\t\t\t\t\t\r\n\t\t\t\t\t\t\t<\/div>\r\n\t\t\t\t\t\t<\/div>\r\n\t\t\t\t\t<\/div>\r\n\t\t\t\t\t\r\n\t\t\t\t\t\t\t\t\t\t\t<\/div>\r\n\t\t\t\t\t\t<div class=\"wpsm_row\">\r\n\t\t\t\t\t\t\t\t\t\t\t\t\t\t \r\n\t\t\t\t\t\r\n\t\t\t\t\t\r\n\t\t\t\t\t<div class=\"wpsm_col-md-6 wpsm_col-sm-6  wpsm-col-div\">\r\n\t\t\t\t\t\t<div class=\"wpsm_team_2_member_wrapper\">\r\n\t\t\t\t\t\t\t<img decoding=\"async\" class=\"img-responsive wpsm_team_2_mem_img\" src=\"https:\/\/www.grace-initiative.eu\/wp-content\/uploads\/2021\/04\/NOVEL_LOGO-01-scaled.jpg\" alt=\"Novel Group S.\u00e0.r.l.\">\r\n\t\t\t\t\t\t\t<div class=\"wpsm_team_2_member_wrapper_inner\">\r\n\t\t\t\t\t\t\t\t<h3>\r\n\t\t\t\t\t\t\t\t\tNovel Group S.\u00e0.r.l.\t\t\t\t\t\t\t\t<\/h3>\r\n\t\t\t\t\t\t\t\t<span class=\"wpsm_team_2_b_desig\"> Luxembourg <\/span> \t\t\t\t\t\t\t\t<div class=\"wpsm_team_2_social_div\">\r\n\t\t\t\t\t\t\t\t\t\t\t\t\t\t\t\t\t\t\t\t\t\t\t\t\t\t\t\t\t\t\t\t\t\t\t\t\t\t\t\t\t\t\t\t<\/div>\r\n\t\t\t\t\t\t\t\t<p class=\"wpsm_team_2_b_desc\"> Novel Group est une soci\u00e9t\u00e9 de conseil ainsi qu'un centre de formation professionnelle qui fournit des packs int\u00e9gr\u00e9s de services de formation professionnelle, de promotion de l'emploi et de d\u00e9veloppement de l'esprit d'entreprise aux organismes europ\u00e9ens, nationaux et locaux, ainsi qu'aux entreprises et organisations priv\u00e9es. En outre, Novel Group entreprend la recherche, l'\u00e9tude, la conception et la mise en \u0153uvre de strat\u00e9gies commerciales informatiques, visant \u00e0 augmenter la valeur des entreprises. Novel Group a l'intention de d\u00e9velopper ses connaissances et son exp\u00e9rience avec un riche portfolio de services dans divers secteurs de l'\u00e9conomie locale et internationale. Sa devise \u00abd\u00e9couvrez vos comp\u00e9tences\u00bb d\u00e9crit les objectifs de l\u2019entreprise. Novel Group investit continuellement de la recherche et d\u00e9veloppement (R&amp;D) dans le cadre de programmes et partenariats internationaux, en collaboration avec des chercheurs externes.\r\n<br> <br>\r\nNous contacter: kkostakou@novelgroup.lu <br>\r\nSite Internet: <a href=\"http:\/\/www.novelgroup.lu\/\">www.novelgroup.lu<\/a> <\/p> \t\t\t\t\t\t\t\t\r\n\t\t\t\t\t\t\t<\/div>\r\n\t\t\t\t\t\t<\/div>\r\n\t\t\t\t\t<\/div>\r\n\t\t\t\t\t\r\n\t\t\t\t\t\t\t\t\t\t\t\t\t \r\n\t\t\t\t\t\r\n\t\t\t\t\t\r\n\t\t\t\t\t<div class=\"wpsm_col-md-6 wpsm_col-sm-6  wpsm-col-div\">\r\n\t\t\t\t\t\t<div class=\"wpsm_team_2_member_wrapper\">\r\n\t\t\t\t\t\t\t<img decoding=\"async\" class=\"img-responsive wpsm_team_2_mem_img\" src=\"https:\/\/www.grace-initiative.eu\/wp-content\/uploads\/2021\/04\/LOGO-Aproximar_color.png\" alt=\"Aproximar- Cooperativa de Solidariedade Social, CRL\">\r\n\t\t\t\t\t\t\t<div class=\"wpsm_team_2_member_wrapper_inner\">\r\n\t\t\t\t\t\t\t\t<h3>\r\n\t\t\t\t\t\t\t\t\tAproximar- Cooperativa de Solidariedade Social, CRL\t\t\t\t\t\t\t\t<\/h3>\r\n\t\t\t\t\t\t\t\t<span class=\"wpsm_team_2_b_desig\"> Portugal <\/span> \t\t\t\t\t\t\t\t<div class=\"wpsm_team_2_social_div\">\r\n\t\t\t\t\t\t\t\t\t\t\t\t\t\t\t\t\t\t\t\t\t\t\t\t\t\t\t<a href=\"https:\/\/www.linkedin.com\/company\/aproximar-cooperativa-de-desenvolvimento-social-srl\/\" target=\"_blank\" title=\"linkedin profile\"><i class=\"fa fa-linkedin\"><\/i><\/a>\t\t\t\t\t\t\t\t\t<a href=\"https:\/\/www.instagram.com\/aproximar_\/\" target=\"_blank\" title=\"instagram profile\"><i class=\"fa fa-instagram\"><\/i><\/a>\t\t\t\t\t\t\t\t<\/div>\r\n\t\t\t\t\t\t\t\t<p class=\"wpsm_team_2_b_desc\"> Aproximar est une ONG \u00e0 but non lucratif qui vise \u00e0 am\u00e9liorer le capital social et humain des organisations en tant que strat\u00e9gie pour renforcer leur capacit\u00e9 \u00e0 tirer parti des d\u00e9fis et des opportunit\u00e9s cr\u00e9\u00e9s par les conditions ext\u00e9rieures. Dans l'accomplissement de sa mission, Aproximar organise et g\u00e8re des parcours personnels, sociaux, professionnels et organisationnels par des projets d'innovation sociaux fais sur mesure et par le transfert et diffusion de bonnes pratiques. Nos domaines d'expertise sont le mentorat, le coaching, la collecte de fonds, la gestion de la qualit\u00e9 totale, l'accompagnement social, le volontariat, la formation, le design, les processus d'innovation sociale (d\u00e9veloppement de nouveaux produits, programmes sur mesure et transfert de bonnes pratiques). Les programmes combinent toujours sciences sociales (connaissances), m\u00e9thodes actives (personnes) et outils adapt\u00e9s (technologie).\r\n<br> <br>\r\nNous contacter: add email <br>\r\nSite Internet: <a href=\"https:\/\/www.aproximar.pt\/\">www.aproximar.pt<\/a> <\/p> \t\t\t\t\t\t\t\t\r\n\t\t\t\t\t\t\t<\/div>\r\n\t\t\t\t\t\t<\/div>\r\n\t\t\t\t\t<\/div>\r\n\t\t\t\t\t\r\n\t\t\t\t\t\t\t\t\t\t\t<\/div>\r\n\t\t\t\t\t\t<div class=\"wpsm_row\">\r\n\t\t\t\t\t\t\t\t\t\t\t\t\t\t \r\n\t\t\t\t\t\r\n\t\t\t\t\t\r\n\t\t\t\t\t<div class=\"wpsm_col-md-6 wpsm_col-sm-6  wpsm-col-div\">\r\n\t\t\t\t\t\t<div class=\"wpsm_team_2_member_wrapper\">\r\n\t\t\t\t\t\t\t<img decoding=\"async\" class=\"img-responsive wpsm_team_2_mem_img\" src=\"https:\/\/www.grace-initiative.eu\/wp-content\/uploads\/2023\/01\/KMOP_logo_new.png\" alt=\"KMOP Education Hub\">\r\n\t\t\t\t\t\t\t<div class=\"wpsm_team_2_member_wrapper_inner\">\r\n\t\t\t\t\t\t\t\t<h3>\r\n\t\t\t\t\t\t\t\t\tKMOP Education Hub\t\t\t\t\t\t\t\t<\/h3>\r\n\t\t\t\t\t\t\t\t<span class=\"wpsm_team_2_b_desig\"> Gr\u00e8ce <\/span> \t\t\t\t\t\t\t\t<div class=\"wpsm_team_2_social_div\">\r\n\t\t\t\t\t\t\t\t\t\t\t\t\t\t\t\t\t\t\t\t\t\t\t\t\t\t\t\t\t\t\t\t\t\t\t\t\t\t\t\t\t\t\t\t<\/div>\r\n\t\t\t\t\t\t\t\t<p class=\"wpsm_team_2_b_desc\"> KMOP est une organisation grecque \u00e0 but non lucratif, cr\u00e9\u00e9e en 2006 dans le but d'am\u00e9liorer les opportunit\u00e9s \u00e9ducatives et par la suite l'int\u00e9gration sur le march\u00e9 du travail, la mobilisation sociale et l'inclusion des populations d\u00e9favoris\u00e9es. Align\u00e9 sur les objectifs de d\u00e9veloppement durable pour une \u00e9ducation de qualit\u00e9 inclusive et \u00e9quitable et une croissance inclusive pour tous, KMOP d\u00e9veloppe des services et des solutions \u00e9ducatifs innovants pour l'\u00e9ducation et l'apprentissage tout au long de la vie de ses b\u00e9n\u00e9ficiaires, en utilisant des outils de pointe. Parall\u00e8lement, le KMOP m\u00e8ne des \u00e9tudes et des enqu\u00eates sur les besoins du march\u00e9 du travail et leur lien avec l'\u00e9ducation.\r\n<br> <br>\r\nNous contacter: education-hub@kmop.org <br>\r\nSite Internet: <a href=\"https:\/\/education-hub.kmop.org\/\" target=\"_blank\">www.education-hub.kmop.org\/<\/a> <\/p> \t\t\t\t\t\t\t\t\r\n\t\t\t\t\t\t\t<\/div>\r\n\t\t\t\t\t\t<\/div>\r\n\t\t\t\t\t<\/div>\r\n\t\t\t\t\t\r\n\t\t\t\t\t\t\t\t\t\t\t\t\r\n\t\t<\/div>\r\n\t<\/div>\r\n\r\n\t\n","protected":false},"excerpt":{"rendered":"","protected":false},"author":1,"featured_media":0,"parent":0,"menu_order":52,"comment_status":"closed","ping_status":"closed","template":"","meta":{"neve_meta_sidebar":"full-width","neve_meta_container":"","neve_meta_enable_content_width":"on","neve_meta_content_width":100,"neve_meta_title_alignment":"","neve_meta_author_avatar":"","neve_post_elements_order":"","neve_meta_disable_header":"","neve_meta_disable_footer":"","neve_meta_disable_title":"","footnotes":""},"class_list":["post-114","page","type-page","status-publish","hentry"],"_links":{"self":[{"href":"https:\/\/www.grace-initiative.eu\/index.php?rest_route=\/wp\/v2\/pages\/114","targetHints":{"allow":["GET"]}}],"collection":[{"href":"https:\/\/www.grace-initiative.eu\/index.php?rest_route=\/wp\/v2\/pages"}],"about":[{"href":"https:\/\/www.grace-initiative.eu\/index.php?rest_route=\/wp\/v2\/types\/page"}],"author":[{"embeddable":true,"href":"https:\/\/www.grace-initiative.eu\/index.php?rest_route=\/wp\/v2\/users\/1"}],"replies":[{"embeddable":true,"href":"https:\/\/www.grace-initiative.eu\/index.php?rest_route=%2Fwp%2Fv2%2Fcomments&post=114"}],"version-history":[{"count":2,"href":"https:\/\/www.grace-initiative.eu\/index.php?rest_route=\/wp\/v2\/pages\/114\/revisions"}],"predecessor-version":[{"id":534,"href":"https:\/\/www.grace-initiative.eu\/index.php?rest_route=\/wp\/v2\/pages\/114\/revisions\/534"}],"wp:attachment":[{"href":"https:\/\/www.grace-initiative.eu\/index.php?rest_route=%2Fwp%2Fv2%2Fmedia&parent=114"}],"curies":[{"name":"wp","href":"https:\/\/api.w.org\/{rel}","templated":true}]}}