{"id":112,"date":"2021-03-05T14:14:46","date_gmt":"2021-03-05T14:14:46","guid":{"rendered":"https:\/\/www.grace-initiative.eu\/?page_id=112"},"modified":"2023-03-23T09:18:37","modified_gmt":"2023-03-23T09:18:37","slug":"resultats","status":"publish","type":"page","link":"https:\/\/www.grace-initiative.eu\/?page_id=112&lang=fr","title":{"rendered":"R\u00e9sultats"},"content":{"rendered":"\t\t<div data-elementor-type=\"wp-page\" data-elementor-id=\"112\" class=\"elementor elementor-112\">\n\t\t\t\t\t\t<section class=\"elementor-section elementor-top-section elementor-element elementor-element-c969b97 elementor-section-boxed elementor-section-height-default elementor-section-height-default\" data-id=\"c969b97\" data-element_type=\"section\">\n\t\t\t\t\t\t<div class=\"elementor-container elementor-column-gap-default\">\n\t\t\t\t\t<div class=\"elementor-column elementor-col-100 elementor-top-column elementor-element elementor-element-4727e57\" data-id=\"4727e57\" data-element_type=\"column\">\n\t\t\t<div class=\"elementor-widget-wrap elementor-element-populated\">\n\t\t\t\t\t\t<div class=\"elementor-element elementor-element-80472eb elementor-widget elementor-widget-spacer\" data-id=\"80472eb\" data-element_type=\"widget\" data-widget_type=\"spacer.default\">\n\t\t\t\t<div class=\"elementor-widget-container\">\n\t\t\t\t\t\t\t<div class=\"elementor-spacer\">\n\t\t\t<div class=\"elementor-spacer-inner\"><\/div>\n\t\t<\/div>\n\t\t\t\t\t\t<\/div>\n\t\t\t\t<\/div>\n\t\t\t\t\t<\/div>\n\t\t<\/div>\n\t\t\t\t\t<\/div>\n\t\t<\/section>\n\t\t\t\t<section class=\"elementor-section elementor-top-section elementor-element elementor-element-aad9124 elementor-section-boxed elementor-section-height-default elementor-section-height-default\" data-id=\"aad9124\" data-element_type=\"section\">\n\t\t\t\t\t\t<div class=\"elementor-container elementor-column-gap-default\">\n\t\t\t\t\t<div class=\"elementor-column elementor-col-100 elementor-top-column elementor-element elementor-element-43a8115\" data-id=\"43a8115\" data-element_type=\"column\">\n\t\t\t<div class=\"elementor-widget-wrap elementor-element-populated\">\n\t\t\t\t\t\t<div class=\"elementor-element elementor-element-c5a1552 elementor-widget elementor-widget-heading\" data-id=\"c5a1552\" data-element_type=\"widget\" data-widget_type=\"heading.default\">\n\t\t\t\t<div class=\"elementor-widget-container\">\n\t\t\t\t\t<h1 class=\"elementor-heading-title elementor-size-default\">R\u00e9sultats<\/h1>\t\t\t\t<\/div>\n\t\t\t\t<\/div>\n\t\t\t\t\t<\/div>\n\t\t<\/div>\n\t\t\t\t\t<\/div>\n\t\t<\/section>\n\t\t\t\t<section class=\"elementor-section elementor-top-section elementor-element elementor-element-7ea5432 elementor-section-boxed elementor-section-height-default elementor-section-height-default\" data-id=\"7ea5432\" data-element_type=\"section\">\n\t\t\t\t\t\t<div class=\"elementor-container elementor-column-gap-default\">\n\t\t\t\t\t<div class=\"elementor-column elementor-col-33 elementor-top-column elementor-element elementor-element-2c013a2\" data-id=\"2c013a2\" data-element_type=\"column\">\n\t\t\t<div class=\"elementor-widget-wrap elementor-element-populated\">\n\t\t\t\t\t\t<div class=\"elementor-element elementor-element-9adf831 elementor-position-top elementor-widget elementor-widget-image-box\" data-id=\"9adf831\" data-element_type=\"widget\" data-widget_type=\"image-box.default\">\n\t\t\t\t<div class=\"elementor-widget-container\">\n\t\t\t\t\t<div class=\"elementor-image-box-wrapper\"><figure class=\"elementor-image-box-img\"><img fetchpriority=\"high\" decoding=\"async\" width=\"1920\" height=\"1275\" src=\"https:\/\/www.grace-initiative.eu\/wp-content\/uploads\/2021\/04\/work_exampleimg-2.jpg\" class=\"elementor-animation-sink attachment-full size-full wp-image-449\" alt=\"\" srcset=\"https:\/\/www.grace-initiative.eu\/wp-content\/uploads\/2021\/04\/work_exampleimg-2.jpg 1920w, https:\/\/www.grace-initiative.eu\/wp-content\/uploads\/2021\/04\/work_exampleimg-2-300x199.jpg 300w, https:\/\/www.grace-initiative.eu\/wp-content\/uploads\/2021\/04\/work_exampleimg-2-1024x680.jpg 1024w, https:\/\/www.grace-initiative.eu\/wp-content\/uploads\/2021\/04\/work_exampleimg-2-768x510.jpg 768w, https:\/\/www.grace-initiative.eu\/wp-content\/uploads\/2021\/04\/work_exampleimg-2-1536x1020.jpg 1536w\" sizes=\"(max-width: 1920px) 100vw, 1920px\" \/><\/figure><div class=\"elementor-image-box-content\"><h3 class=\"elementor-image-box-title\">Plateforme p\u00e9dagogique GRACE<\/h3><p class=\"elementor-image-box-description\">La plate-forme \u00e9ducative GRACE, disponible dans toutes les langues partenaires, sera un espace \u00e9ducatif non formel pour un apprentissage ouvert et une communication collaborative, un r\u00e9servoir de bonnes pratiques et autres ressources pour les micro-entreprises. Il accueillera un cours en ligne sur les comp\u00e9tences num\u00e9riques et l'entrepreneuriat num\u00e9rique pour les micro-entreprises cr\u00e9atives et culturelles, adapt\u00e9 \u00e0 leurs besoins, ax\u00e9 sur l'innovation, et enrichi d'exercices pratiques, de sc\u00e9narios commerciaux r\u00e9els, d'exemples et d'\u00e9tudes de cas.<\/p><\/div><\/div>\t\t\t\t<\/div>\n\t\t\t\t<\/div>\n\t\t\t\t<div class=\"elementor-element elementor-element-4b9a5f3 elementor-align-center elementor-widget elementor-widget-button\" data-id=\"4b9a5f3\" data-element_type=\"widget\" data-widget_type=\"button.default\">\n\t\t\t\t<div class=\"elementor-widget-container\">\n\t\t\t\t\t\t\t\t\t<div class=\"elementor-button-wrapper\">\n\t\t\t\t\t<a class=\"elementor-button elementor-button-link elementor-size-sm elementor-animation-grow\" href=\"https:\/\/moodle.grace-initiative.eu\/login\/index.php\">\n\t\t\t\t\t\t<span class=\"elementor-button-content-wrapper\">\n\t\t\t\t\t\t\t\t\t<span class=\"elementor-button-text\">Disponible ici<\/span>\n\t\t\t\t\t<\/span>\n\t\t\t\t\t<\/a>\n\t\t\t\t<\/div>\n\t\t\t\t\t\t\t\t<\/div>\n\t\t\t\t<\/div>\n\t\t\t\t\t<\/div>\n\t\t<\/div>\n\t\t\t\t<div class=\"elementor-column elementor-col-33 elementor-top-column elementor-element elementor-element-64e1a06\" data-id=\"64e1a06\" data-element_type=\"column\">\n\t\t\t<div class=\"elementor-widget-wrap elementor-element-populated\">\n\t\t\t\t\t\t<div class=\"elementor-element elementor-element-8f4c2da elementor-position-top elementor-widget elementor-widget-image-box\" data-id=\"8f4c2da\" data-element_type=\"widget\" data-widget_type=\"image-box.default\">\n\t\t\t\t<div class=\"elementor-widget-container\">\n\t\t\t\t\t<div class=\"elementor-image-box-wrapper\"><figure class=\"elementor-image-box-img\"><img decoding=\"async\" width=\"1920\" height=\"1275\" src=\"https:\/\/www.grace-initiative.eu\/wp-content\/uploads\/2021\/04\/ipad-605439_1920-2.jpg\" class=\"elementor-animation-sink attachment-full size-full wp-image-447\" alt=\"\" srcset=\"https:\/\/www.grace-initiative.eu\/wp-content\/uploads\/2021\/04\/ipad-605439_1920-2.jpg 1920w, https:\/\/www.grace-initiative.eu\/wp-content\/uploads\/2021\/04\/ipad-605439_1920-2-300x199.jpg 300w, https:\/\/www.grace-initiative.eu\/wp-content\/uploads\/2021\/04\/ipad-605439_1920-2-1024x680.jpg 1024w, https:\/\/www.grace-initiative.eu\/wp-content\/uploads\/2021\/04\/ipad-605439_1920-2-768x510.jpg 768w, https:\/\/www.grace-initiative.eu\/wp-content\/uploads\/2021\/04\/ipad-605439_1920-2-1536x1020.jpg 1536w\" sizes=\"(max-width: 1920px) 100vw, 1920px\" \/><\/figure><div class=\"elementor-image-box-content\"><h3 class=\"elementor-image-box-title\">Bo\u00eete \u00e0 outils pour les \u00e9ducateurs d'adultes<\/h3><p class=\"elementor-image-box-description\">Une bo\u00eete \u00e0 outils pour les \u00e9ducateurs d'adultes avec des informations, des conseils pratiques et des ressources pertinentes et opportunes pour former les micro-entreprises \u00e0 l'acquisition de l'entrepreneuriat num\u00e9rique et \u00e9galement soutenir l'acquisition culturelle et cr\u00e9ative aspirante de comp\u00e9tences num\u00e9riques qui les aideraient \u00e0 d\u00e9marrer leur entreprise.\n<\/p><\/div><\/div>\t\t\t\t<\/div>\n\t\t\t\t<\/div>\n\t\t\t\t<div class=\"elementor-element elementor-element-d2d8f2e elementor-align-center elementor-widget elementor-widget-button\" data-id=\"d2d8f2e\" data-element_type=\"widget\" data-widget_type=\"button.default\">\n\t\t\t\t<div class=\"elementor-widget-container\">\n\t\t\t\t\t\t\t\t\t<div class=\"elementor-button-wrapper\">\n\t\t\t\t\t<a class=\"elementor-button elementor-button-link elementor-size-sm elementor-animation-grow\" href=\"https:\/\/www.grace-initiative.eu\/wp-content\/uploads\/2023\/03\/Grace_IO2_Toolkit_Final_FR.pdf\" target=\"_blank\">\n\t\t\t\t\t\t<span class=\"elementor-button-content-wrapper\">\n\t\t\t\t\t\t\t\t\t<span class=\"elementor-button-text\">Disponible ici<\/span>\n\t\t\t\t\t<\/span>\n\t\t\t\t\t<\/a>\n\t\t\t\t<\/div>\n\t\t\t\t\t\t\t\t<\/div>\n\t\t\t\t<\/div>\n\t\t\t\t\t<\/div>\n\t\t<\/div>\n\t\t\t\t<div class=\"elementor-column elementor-col-33 elementor-top-column elementor-element elementor-element-db5c052\" data-id=\"db5c052\" data-element_type=\"column\">\n\t\t\t<div class=\"elementor-widget-wrap elementor-element-populated\">\n\t\t\t\t\t\t<div class=\"elementor-element elementor-element-ca4141b elementor-position-top elementor-widget elementor-widget-image-box\" data-id=\"ca4141b\" data-element_type=\"widget\" data-widget_type=\"image-box.default\">\n\t\t\t\t<div class=\"elementor-widget-container\">\n\t\t\t\t\t<div class=\"elementor-image-box-wrapper\"><figure class=\"elementor-image-box-img\"><img decoding=\"async\" width=\"1920\" height=\"1280\" src=\"https:\/\/www.grace-initiative.eu\/wp-content\/uploads\/2021\/04\/laptop-1478822_1920-2.jpg\" class=\"elementor-animation-sink attachment-full size-full wp-image-448\" alt=\"\" srcset=\"https:\/\/www.grace-initiative.eu\/wp-content\/uploads\/2021\/04\/laptop-1478822_1920-2.jpg 1920w, https:\/\/www.grace-initiative.eu\/wp-content\/uploads\/2021\/04\/laptop-1478822_1920-2-300x200.jpg 300w, https:\/\/www.grace-initiative.eu\/wp-content\/uploads\/2021\/04\/laptop-1478822_1920-2-1024x683.jpg 1024w, https:\/\/www.grace-initiative.eu\/wp-content\/uploads\/2021\/04\/laptop-1478822_1920-2-768x512.jpg 768w, https:\/\/www.grace-initiative.eu\/wp-content\/uploads\/2021\/04\/laptop-1478822_1920-2-1536x1024.jpg 1536w, https:\/\/www.grace-initiative.eu\/wp-content\/uploads\/2021\/04\/laptop-1478822_1920-2-930x620.jpg 930w\" sizes=\"(max-width: 1920px) 100vw, 1920px\" \/><\/figure><div class=\"elementor-image-box-content\"><h3 class=\"elementor-image-box-title\">Rapport sur les recommandations des strategies<\/h3><p class=\"elementor-image-box-description\">Rapport sur les le\u00e7ons apprises et les recommandations des strategies; l'h\u00e9ritage du projet GRACE et sa contribution \u00e0 l'agenda des strategies, approfondissant les questions des besoins de formation, des obstacles \u00e0 surmonter et des parcours \u00e9ducatifs qui peuvent \u00eatre cr\u00e9\u00e9s pour faire progresser les comp\u00e9tences des micro-entreprises culturelles et cr\u00e9atives. Guide sur l'expansion et la transf\u00e9rabilit\u00e9, qui sera un produit cl\u00e9 de la durabilit\u00e9, s'appuiera sur l'exp\u00e9rience du projet et pr\u00e9sentera un plan sur son expansion dans d'autres pays et contextes.<\/p><\/div><\/div>\t\t\t\t<\/div>\n\t\t\t\t<\/div>\n\t\t\t\t<div class=\"elementor-element elementor-element-0b35ed3 elementor-align-center elementor-widget elementor-widget-button\" data-id=\"0b35ed3\" data-element_type=\"widget\" data-widget_type=\"button.default\">\n\t\t\t\t<div class=\"elementor-widget-container\">\n\t\t\t\t\t\t\t\t\t<div class=\"elementor-button-wrapper\">\n\t\t\t\t\t<a class=\"elementor-button elementor-button-link elementor-size-sm elementor-animation-grow\" href=\"https:\/\/www.grace-initiative.eu\/wp-content\/uploads\/2023\/03\/Grace_Report-IO4-FINAL-FR.pdf\" target=\"_blank\">\n\t\t\t\t\t\t<span class=\"elementor-button-content-wrapper\">\n\t\t\t\t\t\t\t\t\t<span class=\"elementor-button-text\">Disponible ici<\/span>\n\t\t\t\t\t<\/span>\n\t\t\t\t\t<\/a>\n\t\t\t\t<\/div>\n\t\t\t\t\t\t\t\t<\/div>\n\t\t\t\t<\/div>\n\t\t\t\t\t<\/div>\n\t\t<\/div>\n\t\t\t\t\t<\/div>\n\t\t<\/section>\n\t\t\t\t<section class=\"elementor-section elementor-top-section elementor-element elementor-element-5b71d9c elementor-section-boxed elementor-section-height-default elementor-section-height-default\" data-id=\"5b71d9c\" data-element_type=\"section\">\n\t\t\t\t\t\t<div class=\"elementor-container elementor-column-gap-default\">\n\t\t\t\t\t<div class=\"elementor-column elementor-col-100 elementor-top-column elementor-element elementor-element-80cd440\" data-id=\"80cd440\" data-element_type=\"column\">\n\t\t\t<div class=\"elementor-widget-wrap elementor-element-populated\">\n\t\t\t\t\t\t<div class=\"elementor-element elementor-element-d7427da elementor-widget elementor-widget-spacer\" data-id=\"d7427da\" data-element_type=\"widget\" data-widget_type=\"spacer.default\">\n\t\t\t\t<div class=\"elementor-widget-container\">\n\t\t\t\t\t\t\t<div class=\"elementor-spacer\">\n\t\t\t<div class=\"elementor-spacer-inner\"><\/div>\n\t\t<\/div>\n\t\t\t\t\t\t<\/div>\n\t\t\t\t<\/div>\n\t\t\t\t\t<\/div>\n\t\t<\/div>\n\t\t\t\t\t<\/div>\n\t\t<\/section>\n\t\t\t\t<\/div>\n\t\t","protected":false},"excerpt":{"rendered":"<p>R\u00e9sultats Plateforme p\u00e9dagogique GRACE La plate-forme \u00e9ducative GRACE, disponible dans toutes les langues partenaires, sera un espace \u00e9ducatif non formel pour un apprentissage ouvert et une communication collaborative, un r\u00e9servoir de bonnes pratiques et autres ressources pour les micro-entreprises. Il accueillera un cours en ligne sur les comp\u00e9tences num\u00e9riques et l&#8217;entrepreneuriat num\u00e9rique pour les micro-entreprises&hellip;&nbsp;<a href=\"https:\/\/www.grace-initiative.eu\/?page_id=112&#038;lang=fr\" rel=\"bookmark\">Read More &raquo;<span class=\"screen-reader-text\">R\u00e9sultats<\/span><\/a><\/p>\n","protected":false},"author":1,"featured_media":0,"parent":0,"menu_order":42,"comment_status":"closed","ping_status":"closed","template":"page-templates\/template-pagebuilder-full-width.php","meta":{"neve_meta_sidebar":"full-width","neve_meta_container":"","neve_meta_enable_content_width":"on","neve_meta_content_width":100,"neve_meta_title_alignment":"","neve_meta_author_avatar":"","neve_post_elements_order":"","neve_meta_disable_header":"","neve_meta_disable_footer":"","neve_meta_disable_title":"","footnotes":""},"class_list":["post-112","page","type-page","status-publish","hentry"],"_links":{"self":[{"href":"https:\/\/www.grace-initiative.eu\/index.php?rest_route=\/wp\/v2\/pages\/112","targetHints":{"allow":["GET"]}}],"collection":[{"href":"https:\/\/www.grace-initiative.eu\/index.php?rest_route=\/wp\/v2\/pages"}],"about":[{"href":"https:\/\/www.grace-initiative.eu\/index.php?rest_route=\/wp\/v2\/types\/page"}],"author":[{"embeddable":true,"href":"https:\/\/www.grace-initiative.eu\/index.php?rest_route=\/wp\/v2\/users\/1"}],"replies":[{"embeddable":true,"href":"https:\/\/www.grace-initiative.eu\/index.php?rest_route=%2Fwp%2Fv2%2Fcomments&post=112"}],"version-history":[{"count":22,"href":"https:\/\/www.grace-initiative.eu\/index.php?rest_route=\/wp\/v2\/pages\/112\/revisions"}],"predecessor-version":[{"id":784,"href":"https:\/\/www.grace-initiative.eu\/index.php?rest_route=\/wp\/v2\/pages\/112\/revisions\/784"}],"wp:attachment":[{"href":"https:\/\/www.grace-initiative.eu\/index.php?rest_route=%2Fwp%2Fv2%2Fmedia&parent=112"}],"curies":[{"name":"wp","href":"https:\/\/api.w.org\/{rel}","templated":true}]}}