{"id":108,"date":"2021-03-05T14:13:41","date_gmt":"2021-03-05T14:13:41","guid":{"rendered":"https:\/\/www.grace-initiative.eu\/?page_id=108"},"modified":"2021-06-14T15:47:00","modified_gmt":"2021-06-14T15:47:00","slug":"a-propos-du-projet","status":"publish","type":"page","link":"https:\/\/www.grace-initiative.eu\/?page_id=108&lang=fr","title":{"rendered":"\u00c0 propos du projet"},"content":{"rendered":"\t\t<div data-elementor-type=\"wp-page\" data-elementor-id=\"108\" class=\"elementor elementor-108\">\n\t\t\t\t\t\t<section class=\"elementor-section elementor-top-section elementor-element elementor-element-39cb26f elementor-section-boxed elementor-section-height-default elementor-section-height-default\" data-id=\"39cb26f\" data-element_type=\"section\">\n\t\t\t\t\t\t<div class=\"elementor-container elementor-column-gap-default\">\n\t\t\t\t\t<div class=\"elementor-column elementor-col-100 elementor-top-column elementor-element elementor-element-9b333c3\" data-id=\"9b333c3\" data-element_type=\"column\">\n\t\t\t<div class=\"elementor-widget-wrap elementor-element-populated\">\n\t\t\t\t\t\t<div class=\"elementor-element elementor-element-60561a1 elementor-widget elementor-widget-spacer\" data-id=\"60561a1\" data-element_type=\"widget\" data-widget_type=\"spacer.default\">\n\t\t\t\t<div class=\"elementor-widget-container\">\n\t\t\t\t\t\t\t<div class=\"elementor-spacer\">\n\t\t\t<div class=\"elementor-spacer-inner\"><\/div>\n\t\t<\/div>\n\t\t\t\t\t\t<\/div>\n\t\t\t\t<\/div>\n\t\t\t\t\t<\/div>\n\t\t<\/div>\n\t\t\t\t\t<\/div>\n\t\t<\/section>\n\t\t\t\t<section class=\"elementor-section elementor-top-section elementor-element elementor-element-3553532 elementor-section-boxed elementor-section-height-default elementor-section-height-default\" data-id=\"3553532\" data-element_type=\"section\">\n\t\t\t\t\t\t<div class=\"elementor-container elementor-column-gap-default\">\n\t\t\t\t\t<div class=\"elementor-column elementor-col-100 elementor-top-column elementor-element elementor-element-f17f02b\" data-id=\"f17f02b\" data-element_type=\"column\">\n\t\t\t<div class=\"elementor-widget-wrap elementor-element-populated\">\n\t\t\t\t\t\t<div class=\"elementor-element elementor-element-4cc1c02 elementor-widget elementor-widget-heading\" data-id=\"4cc1c02\" data-element_type=\"widget\" data-widget_type=\"heading.default\">\n\t\t\t\t<div class=\"elementor-widget-container\">\n\t\t\t\t\t<h1 class=\"elementor-heading-title elementor-size-default\">\u00c0 propos du projet<\/h1>\t\t\t\t<\/div>\n\t\t\t\t<\/div>\n\t\t\t\t\t<\/div>\n\t\t<\/div>\n\t\t\t\t\t<\/div>\n\t\t<\/section>\n\t\t\t\t<section class=\"elementor-section elementor-top-section elementor-element elementor-element-409b9f0 elementor-section-boxed elementor-section-height-default elementor-section-height-default\" data-id=\"409b9f0\" data-element_type=\"section\">\n\t\t\t\t\t\t<div class=\"elementor-container elementor-column-gap-default\">\n\t\t\t\t\t<div class=\"elementor-column elementor-col-100 elementor-top-column elementor-element elementor-element-585ef5d\" data-id=\"585ef5d\" data-element_type=\"column\">\n\t\t\t<div class=\"elementor-widget-wrap elementor-element-populated\">\n\t\t\t\t\t\t<div class=\"elementor-element elementor-element-216c2fc elementor-widget elementor-widget-text-editor\" data-id=\"216c2fc\" data-element_type=\"widget\" data-widget_type=\"text-editor.default\">\n\t\t\t\t<div class=\"elementor-widget-container\">\n\t\t\t\t\t\t\t\t\t<p style=\"text-align: center;\">S&#8217;appuyant sur le mod\u00e8le commercial traditionnel qui favorise la communication en face \u00e0 face avec le client, les petites entreprises ont \u00e9t\u00e9 particuli\u00e8rement touch\u00e9es et n&#8217;\u00e9taient pas pr\u00e9par\u00e9es \u00e0 faire face aux changements provoqu\u00e9s par le COVID-19. La pand\u00e9mie a cependant mis en \u00e9vidence le manque d\u00e9j\u00e0 existant de comp\u00e9tences num\u00e9riques qui met ces petites entreprises dans une position d\u00e9favoris\u00e9e, diminue leur comp\u00e9titivit\u00e9 et les conduit \u00e0 \u00eatre exclues des opportunit\u00e9s de l&#8217;\u00e8re num\u00e9rique.<\/p><p style=\"text-align: center;\">Le projet GRACE est intrins\u00e8quement ax\u00e9 sur la r\u00e9duction des obstacles \u00e0 l&#8217;acc\u00e8s \u00e0 la formation, car il cr\u00e9e une exp\u00e9rience de formation enti\u00e8rement en ligne.<\/p><p style=\"text-align: center;\">Le partenariat prendra toutes les mesures n\u00e9cessaires pour assurer l&#8217;accessibilit\u00e9 et la participation active \u00e0 chacune de ses activit\u00e9s, et adoptera les solutions appropri\u00e9es si besoin.<\/p>\t\t\t\t\t\t\t\t<\/div>\n\t\t\t\t<\/div>\n\t\t\t\t\t<\/div>\n\t\t<\/div>\n\t\t\t\t\t<\/div>\n\t\t<\/section>\n\t\t\t\t<section class=\"elementor-section elementor-top-section elementor-element elementor-element-df478f8 elementor-section-boxed elementor-section-height-default elementor-section-height-default\" data-id=\"df478f8\" data-element_type=\"section\">\n\t\t\t\t\t\t<div class=\"elementor-container elementor-column-gap-default\">\n\t\t\t\t\t<div class=\"elementor-column elementor-col-100 elementor-top-column elementor-element elementor-element-b80ee87\" data-id=\"b80ee87\" data-element_type=\"column\">\n\t\t\t<div class=\"elementor-widget-wrap elementor-element-populated\">\n\t\t\t\t\t\t<div class=\"elementor-element elementor-element-b776371 elementor-widget-divider--view-line elementor-widget elementor-widget-divider\" data-id=\"b776371\" data-element_type=\"widget\" data-widget_type=\"divider.default\">\n\t\t\t\t<div class=\"elementor-widget-container\">\n\t\t\t\t\t\t\t<div class=\"elementor-divider\">\n\t\t\t<span class=\"elementor-divider-separator\">\n\t\t\t\t\t\t<\/span>\n\t\t<\/div>\n\t\t\t\t\t\t<\/div>\n\t\t\t\t<\/div>\n\t\t\t\t\t<\/div>\n\t\t<\/div>\n\t\t\t\t\t<\/div>\n\t\t<\/section>\n\t\t\t\t<section class=\"elementor-section elementor-top-section elementor-element elementor-element-f1402f2 elementor-section-boxed elementor-section-height-default elementor-section-height-default\" data-id=\"f1402f2\" data-element_type=\"section\">\n\t\t\t\t\t\t<div class=\"elementor-container elementor-column-gap-default\">\n\t\t\t\t\t<div class=\"elementor-column elementor-col-100 elementor-top-column elementor-element elementor-element-1bd7fea\" data-id=\"1bd7fea\" data-element_type=\"column\">\n\t\t\t<div class=\"elementor-widget-wrap elementor-element-populated\">\n\t\t\t\t\t\t<div class=\"elementor-element elementor-element-74e0cab elementor-widget elementor-widget-heading\" data-id=\"74e0cab\" data-element_type=\"widget\" data-widget_type=\"heading.default\">\n\t\t\t\t<div class=\"elementor-widget-container\">\n\t\t\t\t\t<h2 class=\"elementor-heading-title elementor-size-default\">Groupe cible direct<\/h2>\t\t\t\t<\/div>\n\t\t\t\t<\/div>\n\t\t\t\t\t<\/div>\n\t\t<\/div>\n\t\t\t\t\t<\/div>\n\t\t<\/section>\n\t\t\t\t<section class=\"elementor-section elementor-top-section elementor-element elementor-element-fff2cc2 elementor-section-boxed elementor-section-height-default elementor-section-height-default\" data-id=\"fff2cc2\" data-element_type=\"section\">\n\t\t\t\t\t\t<div class=\"elementor-container elementor-column-gap-default\">\n\t\t\t\t\t<div class=\"elementor-column elementor-col-100 elementor-top-column elementor-element elementor-element-e22b440\" data-id=\"e22b440\" data-element_type=\"column\">\n\t\t\t<div class=\"elementor-widget-wrap elementor-element-populated\">\n\t\t\t\t\t\t<div class=\"elementor-element elementor-element-44a133a elementor-align-center elementor-icon-list--layout-traditional elementor-list-item-link-full_width elementor-widget elementor-widget-icon-list\" data-id=\"44a133a\" data-element_type=\"widget\" data-widget_type=\"icon-list.default\">\n\t\t\t\t<div class=\"elementor-widget-container\">\n\t\t\t\t\t\t\t<ul class=\"elementor-icon-list-items\">\n\t\t\t\t\t\t\t<li class=\"elementor-icon-list-item\">\n\t\t\t\t\t\t\t\t\t\t\t<span class=\"elementor-icon-list-icon\">\n\t\t\t\t\t\t\t<i aria-hidden=\"true\" class=\"fas fa-star\"><\/i>\t\t\t\t\t\t<\/span>\n\t\t\t\t\t\t\t\t\t\t<span class=\"elementor-icon-list-text\">Micro-entreprises culturelles et cr\u00e9atives, en particulier dans les r\u00e9gions touristiques<\/span>\n\t\t\t\t\t\t\t\t\t<\/li>\n\t\t\t\t\t\t\t\t<li class=\"elementor-icon-list-item\">\n\t\t\t\t\t\t\t\t\t\t\t<span class=\"elementor-icon-list-icon\">\n\t\t\t\t\t\t\t<i aria-hidden=\"true\" class=\"far fa-star\"><\/i>\t\t\t\t\t\t<\/span>\n\t\t\t\t\t\t\t\t\t\t<span class=\"elementor-icon-list-text\">Entrepreneurs et personnel de ces micro-entreprises<\/span>\n\t\t\t\t\t\t\t\t\t<\/li>\n\t\t\t\t\t\t<\/ul>\n\t\t\t\t\t\t<\/div>\n\t\t\t\t<\/div>\n\t\t\t\t\t<\/div>\n\t\t<\/div>\n\t\t\t\t\t<\/div>\n\t\t<\/section>\n\t\t\t\t<section class=\"elementor-section elementor-top-section elementor-element elementor-element-57833e9 elementor-section-boxed elementor-section-height-default elementor-section-height-default\" data-id=\"57833e9\" data-element_type=\"section\">\n\t\t\t\t\t\t<div class=\"elementor-container elementor-column-gap-default\">\n\t\t\t\t\t<div class=\"elementor-column elementor-col-100 elementor-top-column elementor-element elementor-element-3f35ed1\" data-id=\"3f35ed1\" data-element_type=\"column\">\n\t\t\t<div class=\"elementor-widget-wrap elementor-element-populated\">\n\t\t\t\t\t\t<div class=\"elementor-element elementor-element-ce1c820 elementor-widget elementor-widget-image\" data-id=\"ce1c820\" data-element_type=\"widget\" data-widget_type=\"image.default\">\n\t\t\t\t<div class=\"elementor-widget-container\">\n\t\t\t\t\t\t\t\t\t\t\t\t\t\t\t<img fetchpriority=\"high\" decoding=\"async\" width=\"768\" height=\"512\" src=\"https:\/\/www.grace-initiative.eu\/wp-content\/uploads\/2021\/04\/business_tree-3-768x512.jpg\" class=\"attachment-medium_large size-medium_large wp-image-424\" alt=\"\" srcset=\"https:\/\/www.grace-initiative.eu\/wp-content\/uploads\/2021\/04\/business_tree-3-768x512.jpg 768w, https:\/\/www.grace-initiative.eu\/wp-content\/uploads\/2021\/04\/business_tree-3-300x200.jpg 300w, https:\/\/www.grace-initiative.eu\/wp-content\/uploads\/2021\/04\/business_tree-3-1024x683.jpg 1024w, https:\/\/www.grace-initiative.eu\/wp-content\/uploads\/2021\/04\/business_tree-3-1536x1024.jpg 1536w, https:\/\/www.grace-initiative.eu\/wp-content\/uploads\/2021\/04\/business_tree-3-930x620.jpg 930w, https:\/\/www.grace-initiative.eu\/wp-content\/uploads\/2021\/04\/business_tree-3.jpg 1920w\" sizes=\"(max-width: 768px) 100vw, 768px\" \/>\t\t\t\t\t\t\t\t\t\t\t\t\t\t\t<\/div>\n\t\t\t\t<\/div>\n\t\t\t\t\t<\/div>\n\t\t<\/div>\n\t\t\t\t\t<\/div>\n\t\t<\/section>\n\t\t\t\t<\/div>\n\t\t","protected":false},"excerpt":{"rendered":"<p>\u00c0 propos du projet S&#8217;appuyant sur le mod\u00e8le commercial traditionnel qui favorise la communication en face \u00e0 face avec le client, les petites entreprises ont \u00e9t\u00e9 particuli\u00e8rement touch\u00e9es et n&#8217;\u00e9taient pas pr\u00e9par\u00e9es \u00e0 faire face aux changements provoqu\u00e9s par le COVID-19. La pand\u00e9mie a cependant mis en \u00e9vidence le manque d\u00e9j\u00e0 existant de comp\u00e9tences num\u00e9riques&hellip;&nbsp;<a href=\"https:\/\/www.grace-initiative.eu\/?page_id=108&#038;lang=fr\" rel=\"bookmark\">Read More &raquo;<span class=\"screen-reader-text\">\u00c0 propos du projet<\/span><\/a><\/p>\n","protected":false},"author":1,"featured_media":0,"parent":0,"menu_order":22,"comment_status":"closed","ping_status":"closed","template":"page-templates\/template-pagebuilder-full-width.php","meta":{"neve_meta_sidebar":"full-width","neve_meta_container":"","neve_meta_enable_content_width":"on","neve_meta_content_width":100,"neve_meta_title_alignment":"","neve_meta_author_avatar":"","neve_post_elements_order":"","neve_meta_disable_header":"","neve_meta_disable_footer":"","neve_meta_disable_title":"","footnotes":""},"class_list":["post-108","page","type-page","status-publish","hentry"],"_links":{"self":[{"href":"https:\/\/www.grace-initiative.eu\/index.php?rest_route=\/wp\/v2\/pages\/108","targetHints":{"allow":["GET"]}}],"collection":[{"href":"https:\/\/www.grace-initiative.eu\/index.php?rest_route=\/wp\/v2\/pages"}],"about":[{"href":"https:\/\/www.grace-initiative.eu\/index.php?rest_route=\/wp\/v2\/types\/page"}],"author":[{"embeddable":true,"href":"https:\/\/www.grace-initiative.eu\/index.php?rest_route=\/wp\/v2\/users\/1"}],"replies":[{"embeddable":true,"href":"https:\/\/www.grace-initiative.eu\/index.php?rest_route=%2Fwp%2Fv2%2Fcomments&post=108"}],"version-history":[{"count":7,"href":"https:\/\/www.grace-initiative.eu\/index.php?rest_route=\/wp\/v2\/pages\/108\/revisions"}],"predecessor-version":[{"id":540,"href":"https:\/\/www.grace-initiative.eu\/index.php?rest_route=\/wp\/v2\/pages\/108\/revisions\/540"}],"wp:attachment":[{"href":"https:\/\/www.grace-initiative.eu\/index.php?rest_route=%2Fwp%2Fv2%2Fmedia&parent=108"}],"curies":[{"name":"wp","href":"https:\/\/api.w.org\/{rel}","templated":true}]}}