{"id":106,"date":"2021-03-05T14:10:23","date_gmt":"2021-03-05T14:10:23","guid":{"rendered":"https:\/\/www.grace-initiative.eu\/?page_id=106"},"modified":"2021-06-14T15:59:38","modified_gmt":"2021-06-14T15:59:38","slug":"declaracion-de-privacidad-de-datos","status":"publish","type":"page","link":"https:\/\/www.grace-initiative.eu\/?page_id=106","title":{"rendered":"Aviso legal &#038; Pol\u00edtica de privacidad"},"content":{"rendered":"<p>Su privacidad es importante para nosotros. El acceso a sus datos personales est\u00e1 sujeto a estrictos controles de seguridad y la informaci\u00f3n no se reutilizar\u00e1 para un fin incompatible.<\/p>\n<p><strong>Datos de identificaci\u00f3n<\/strong><\/p>\n<p>Al utilizar\/visitar este sitio web www.grace-initiative.eu, sus datos personales s\u00f3lo se recogen y se procesan en la medida necesaria para analizar el tr\u00e1fico de Internet. S\u00f3lo recibiremos la informaci\u00f3n que su navegador y la configuraci\u00f3n de Google nos permitan incluir en el an\u00e1lisis. En caso de que se ponga en contacto con nosotros por correo electr\u00f3nico, s\u00f3lo recogeremos sus datos personales para darle una respuesta: nombre, apellidos, datos de contacto (direcci\u00f3n de correo electr\u00f3nico, n\u00famero de tel\u00e9fono si es necesario devolver la llamada), idioma en el que prefiere que le contactemos. En algunos casos, el pa\u00eds de residencia y la nacionalidad tambi\u00e9n son obligatorios.<\/p>\n<p><strong>\u00bfQui\u00e9n tiene acceso a su informaci\u00f3n?<\/strong><\/p>\n<p>S\u00f3lo un personal limitado del partenariado tiene acceso a sus datos. Han firmado un contrato que les obliga legalmente a cumplir la legislaci\u00f3n aplicable en materia de protecci\u00f3n y tratamiento de datos personales, y m\u00e1s concretamente el Reglamento (CE) n.\u00ba 45\/2001. En la medida en que los necesitemos para acreditar nuestras actividades, ser\u00e1n remitidos a la Comisi\u00f3n Europea.<\/p>\n<p><strong>Acceso a su informaci\u00f3n personal<\/strong><\/p>\n<p>Usted no tiene acceso directo a los datos almacenados en nuestro servidor. Si desea modificar o eliminar sus datos personales, o quiere saber qu\u00e9 datos personales se almacenan en su nombre, env\u00ede un mensaje a la organizaci\u00f3n coordinadora del proyecto o a la entidad participante de su pa\u00eds. Recibir\u00e1 una respuesta en un plazo de 15 d\u00edas laborables.<\/p>\n<p><strong>\u00bfCu\u00e1nto tiempo se guarda su informaci\u00f3n?<\/strong><\/p>\n<p>Todos los datos personales recibidos y almacenados se borran 10 a\u00f1os despu\u00e9s de la finalizaci\u00f3n del proyecto.<\/p>\n<p><strong>\u00bfC\u00f3mo protegemos y salvaguardamos su informaci\u00f3n?<\/strong><\/p>\n<p>Los datos personales recogidos y toda la informaci\u00f3n relacionada con la consulta mencionada se almacenan en un ordenador del subcontratista externo descrito anteriormente, que act\u00faa como encargado del tratamiento, y que debe garantizar la protecci\u00f3n de datos y la confidencialidad exigidas por el Reglamento (CE) 45\/2001.<\/p>\n<p><strong>Informaci\u00f3n de contacto<\/strong><\/p>\n<p>Para m\u00e1s informaci\u00f3n, p\u00f3ngase en contacto con <a href=\"https:\/\/www.grace-initiative.eu\/?page_id=104\">la organizaci\u00f3n coordinadora del proyecto<\/a>.<\/p>\n<p>&nbsp;<\/p>\n<h3>Aviso de cookies<\/h3>\n<p>Utilizamos cookies para asegurarnos de ofrecerle la mejor experiencia en nuestro sitio web y analizar el tr\u00e1fico en el mismo (Google Analytics).<\/p>\n<h3>Aviso legal<\/h3>\n<p>Consultor\u00eda de Innovaci\u00f3n Social<br \/>\nPortales El Carmen Edificio \u201cSan Juan\u201d K1<br \/>\nES-29700 V\u00e9lez-M\u00e1laga<br \/>\nNIF: B93737708<br \/>\n<a href=\"https:\/\/www.cis-es.org\/\">www.cis-es.org<\/a><\/p>\n","protected":false},"excerpt":{"rendered":"<p>Su privacidad es importante para nosotros. El acceso a sus datos personales est\u00e1 sujeto a estrictos controles de seguridad y la informaci\u00f3n no se reutilizar\u00e1 para un fin incompatible. Datos de identificaci\u00f3n Al utilizar\/visitar este sitio web www.grace-initiative.eu, sus datos personales s\u00f3lo se recogen y se procesan en la medida necesaria para analizar el tr\u00e1fico&hellip;&nbsp;<a href=\"https:\/\/www.grace-initiative.eu\/?page_id=106\" rel=\"bookmark\">Read More &raquo;<span class=\"screen-reader-text\">Aviso legal &#038; Pol\u00edtica de privacidad<\/span><\/a><\/p>\n","protected":false},"author":1,"featured_media":0,"parent":0,"menu_order":81,"comment_status":"closed","ping_status":"closed","template":"","meta":{"neve_meta_sidebar":"full-width","neve_meta_container":"","neve_meta_enable_content_width":"on","neve_meta_content_width":100,"neve_meta_title_alignment":"","neve_meta_author_avatar":"","neve_post_elements_order":"","neve_meta_disable_header":"","neve_meta_disable_footer":"","neve_meta_disable_title":"","footnotes":""},"class_list":["post-106","page","type-page","status-publish","hentry"],"_links":{"self":[{"href":"https:\/\/www.grace-initiative.eu\/index.php?rest_route=\/wp\/v2\/pages\/106","targetHints":{"allow":["GET"]}}],"collection":[{"href":"https:\/\/www.grace-initiative.eu\/index.php?rest_route=\/wp\/v2\/pages"}],"about":[{"href":"https:\/\/www.grace-initiative.eu\/index.php?rest_route=\/wp\/v2\/types\/page"}],"author":[{"embeddable":true,"href":"https:\/\/www.grace-initiative.eu\/index.php?rest_route=\/wp\/v2\/users\/1"}],"replies":[{"embeddable":true,"href":"https:\/\/www.grace-initiative.eu\/index.php?rest_route=%2Fwp%2Fv2%2Fcomments&post=106"}],"version-history":[{"count":5,"href":"https:\/\/www.grace-initiative.eu\/index.php?rest_route=\/wp\/v2\/pages\/106\/revisions"}],"predecessor-version":[{"id":548,"href":"https:\/\/www.grace-initiative.eu\/index.php?rest_route=\/wp\/v2\/pages\/106\/revisions\/548"}],"wp:attachment":[{"href":"https:\/\/www.grace-initiative.eu\/index.php?rest_route=%2Fwp%2Fv2%2Fmedia&parent=106"}],"curies":[{"name":"wp","href":"https:\/\/api.w.org\/{rel}","templated":true}]}}