{"id":102,"date":"2021-03-05T14:09:31","date_gmt":"2021-03-05T14:09:31","guid":{"rendered":"https:\/\/www.grace-initiative.eu\/?page_id=102"},"modified":"2023-03-14T08:28:05","modified_gmt":"2023-03-14T08:28:05","slug":"resultados","status":"publish","type":"page","link":"https:\/\/www.grace-initiative.eu\/?page_id=102","title":{"rendered":"Resultados"},"content":{"rendered":"\t\t<div data-elementor-type=\"wp-page\" data-elementor-id=\"102\" class=\"elementor elementor-102\">\n\t\t\t\t\t\t<section class=\"elementor-section elementor-top-section elementor-element elementor-element-76e81e4 elementor-section-boxed elementor-section-height-default elementor-section-height-default\" data-id=\"76e81e4\" data-element_type=\"section\">\n\t\t\t\t\t\t<div class=\"elementor-container elementor-column-gap-default\">\n\t\t\t\t\t<div class=\"elementor-column elementor-col-100 elementor-top-column elementor-element elementor-element-6d956e3\" data-id=\"6d956e3\" data-element_type=\"column\">\n\t\t\t<div class=\"elementor-widget-wrap elementor-element-populated\">\n\t\t\t\t\t\t<div class=\"elementor-element elementor-element-5645bde elementor-widget elementor-widget-spacer\" data-id=\"5645bde\" data-element_type=\"widget\" data-widget_type=\"spacer.default\">\n\t\t\t\t<div class=\"elementor-widget-container\">\n\t\t\t\t\t\t\t<div class=\"elementor-spacer\">\n\t\t\t<div class=\"elementor-spacer-inner\"><\/div>\n\t\t<\/div>\n\t\t\t\t\t\t<\/div>\n\t\t\t\t<\/div>\n\t\t\t\t\t<\/div>\n\t\t<\/div>\n\t\t\t\t\t<\/div>\n\t\t<\/section>\n\t\t\t\t<section class=\"elementor-section elementor-top-section elementor-element elementor-element-aeab8d6 elementor-section-boxed elementor-section-height-default elementor-section-height-default\" data-id=\"aeab8d6\" data-element_type=\"section\">\n\t\t\t\t\t\t<div class=\"elementor-container elementor-column-gap-default\">\n\t\t\t\t\t<div class=\"elementor-column elementor-col-100 elementor-top-column elementor-element elementor-element-8a340c9\" data-id=\"8a340c9\" data-element_type=\"column\">\n\t\t\t<div class=\"elementor-widget-wrap elementor-element-populated\">\n\t\t\t\t\t\t<div class=\"elementor-element elementor-element-bcc9586 elementor-widget elementor-widget-heading\" data-id=\"bcc9586\" data-element_type=\"widget\" data-widget_type=\"heading.default\">\n\t\t\t\t<div class=\"elementor-widget-container\">\n\t\t\t\t\t<h1 class=\"elementor-heading-title elementor-size-default\">Resultados<\/h1>\t\t\t\t<\/div>\n\t\t\t\t<\/div>\n\t\t\t\t\t<\/div>\n\t\t<\/div>\n\t\t\t\t\t<\/div>\n\t\t<\/section>\n\t\t\t\t<section class=\"elementor-section elementor-top-section elementor-element elementor-element-d8bec9f elementor-section-boxed elementor-section-height-default elementor-section-height-default\" data-id=\"d8bec9f\" data-element_type=\"section\">\n\t\t\t\t\t\t<div class=\"elementor-container elementor-column-gap-default\">\n\t\t\t\t\t<div class=\"elementor-column elementor-col-33 elementor-top-column elementor-element elementor-element-e908e77\" data-id=\"e908e77\" data-element_type=\"column\">\n\t\t\t<div class=\"elementor-widget-wrap elementor-element-populated\">\n\t\t\t\t\t\t<div class=\"elementor-element elementor-element-7972976 elementor-position-top elementor-widget elementor-widget-image-box\" data-id=\"7972976\" data-element_type=\"widget\" data-widget_type=\"image-box.default\">\n\t\t\t\t<div class=\"elementor-widget-container\">\n\t\t\t\t\t<div class=\"elementor-image-box-wrapper\"><figure class=\"elementor-image-box-img\"><img fetchpriority=\"high\" decoding=\"async\" width=\"1920\" height=\"1275\" src=\"https:\/\/www.grace-initiative.eu\/wp-content\/uploads\/2021\/04\/work_exampleimg.jpg\" class=\"elementor-animation-sink attachment-full size-full wp-image-352\" alt=\"\" srcset=\"https:\/\/www.grace-initiative.eu\/wp-content\/uploads\/2021\/04\/work_exampleimg.jpg 1920w, https:\/\/www.grace-initiative.eu\/wp-content\/uploads\/2021\/04\/work_exampleimg-300x199.jpg 300w, https:\/\/www.grace-initiative.eu\/wp-content\/uploads\/2021\/04\/work_exampleimg-1024x680.jpg 1024w, https:\/\/www.grace-initiative.eu\/wp-content\/uploads\/2021\/04\/work_exampleimg-768x510.jpg 768w, https:\/\/www.grace-initiative.eu\/wp-content\/uploads\/2021\/04\/work_exampleimg-1536x1020.jpg 1536w\" sizes=\"(max-width: 1920px) 100vw, 1920px\" \/><\/figure><div class=\"elementor-image-box-content\"><h3 class=\"elementor-image-box-title\">Plataforma educativa GRACE<\/h3><p class=\"elementor-image-box-description\">La plataforma educativa GRACE, disponible en todos los idiomas de las organizaciones socias, ser\u00e1 un espacio educativo no formal para el aprendizaje y la comunicaci\u00f3n abiertos y colaborativos y una reserva de buenas pr\u00e1cticas y otros recursos para las peque\u00f1as empresas. Acoger\u00e1 un curso en l\u00ednea sobre competencias digitales y emprendimiento digital para peque\u00f1as empresas creativas y culturales, adaptado a sus necesidades, orientado a la innovaci\u00f3n y enriquecido con ejercicios pr\u00e1cticos, supuestos empresariales reales, ejemplos y estudios de casos.<\/p><\/div><\/div>\t\t\t\t<\/div>\n\t\t\t\t<\/div>\n\t\t\t\t<div class=\"elementor-element elementor-element-607f70a elementor-align-center elementor-widget elementor-widget-button\" data-id=\"607f70a\" data-element_type=\"widget\" data-widget_type=\"button.default\">\n\t\t\t\t<div class=\"elementor-widget-container\">\n\t\t\t\t\t\t\t\t\t<div class=\"elementor-button-wrapper\">\n\t\t\t\t\t<a class=\"elementor-button elementor-button-link elementor-size-sm elementor-animation-grow\" href=\"https:\/\/moodle.grace-initiative.eu\/login\/index.php\">\n\t\t\t\t\t\t<span class=\"elementor-button-content-wrapper\">\n\t\t\t\t\t\t\t\t\t<span class=\"elementor-button-text\">Disponible aqu\u00ed<\/span>\n\t\t\t\t\t<\/span>\n\t\t\t\t\t<\/a>\n\t\t\t\t<\/div>\n\t\t\t\t\t\t\t\t<\/div>\n\t\t\t\t<\/div>\n\t\t\t\t\t<\/div>\n\t\t<\/div>\n\t\t\t\t<div class=\"elementor-column elementor-col-33 elementor-top-column elementor-element elementor-element-3366600\" data-id=\"3366600\" data-element_type=\"column\">\n\t\t\t<div class=\"elementor-widget-wrap elementor-element-populated\">\n\t\t\t\t\t\t<div class=\"elementor-element elementor-element-a6008a8 elementor-position-top elementor-widget elementor-widget-image-box\" data-id=\"a6008a8\" data-element_type=\"widget\" data-widget_type=\"image-box.default\">\n\t\t\t\t<div class=\"elementor-widget-container\">\n\t\t\t\t\t<div class=\"elementor-image-box-wrapper\"><figure class=\"elementor-image-box-img\"><img decoding=\"async\" width=\"1920\" height=\"1275\" src=\"https:\/\/www.grace-initiative.eu\/wp-content\/uploads\/2021\/04\/ipad-605439_1920-1.jpg\" class=\"elementor-animation-sink attachment-full size-full wp-image-443\" alt=\"\" srcset=\"https:\/\/www.grace-initiative.eu\/wp-content\/uploads\/2021\/04\/ipad-605439_1920-1.jpg 1920w, https:\/\/www.grace-initiative.eu\/wp-content\/uploads\/2021\/04\/ipad-605439_1920-1-300x199.jpg 300w, https:\/\/www.grace-initiative.eu\/wp-content\/uploads\/2021\/04\/ipad-605439_1920-1-1024x680.jpg 1024w, https:\/\/www.grace-initiative.eu\/wp-content\/uploads\/2021\/04\/ipad-605439_1920-1-768x510.jpg 768w, https:\/\/www.grace-initiative.eu\/wp-content\/uploads\/2021\/04\/ipad-605439_1920-1-1536x1020.jpg 1536w\" sizes=\"(max-width: 1920px) 100vw, 1920px\" \/><\/figure><div class=\"elementor-image-box-content\"><h3 class=\"elementor-image-box-title\">Set de herramientas para personal educativo de personas adultas <\/h3><p class=\"elementor-image-box-description\">Un set de herramientas para el personal educativo de personas adultas con informaci\u00f3n, asesoramiento pr\u00e1ctico y recursos relevantes y oportunos para formar a las microempresas en la adquisici\u00f3n de esp\u00edritu emprendedor digital y apoyar a los\/-as aspirantes culturales y creativos\/-as en la adquisici\u00f3n de competencias digitales que les ayuden a poner en marcha su negocio.<\/p><\/div><\/div>\t\t\t\t<\/div>\n\t\t\t\t<\/div>\n\t\t\t\t<div class=\"elementor-element elementor-element-0029a5f elementor-align-center elementor-widget elementor-widget-button\" data-id=\"0029a5f\" data-element_type=\"widget\" data-widget_type=\"button.default\">\n\t\t\t\t<div class=\"elementor-widget-container\">\n\t\t\t\t\t\t\t\t\t<div class=\"elementor-button-wrapper\">\n\t\t\t\t\t<a class=\"elementor-button elementor-button-link elementor-size-sm elementor-animation-grow\" href=\"https:\/\/www.grace-initiative.eu\/wp-content\/uploads\/2022\/10\/Grace_IO2_Toolkit_Final_ES.pdf\" target=\"_blank\">\n\t\t\t\t\t\t<span class=\"elementor-button-content-wrapper\">\n\t\t\t\t\t\t\t\t\t<span class=\"elementor-button-text\">Disponible aqu\u00ed<\/span>\n\t\t\t\t\t<\/span>\n\t\t\t\t\t<\/a>\n\t\t\t\t<\/div>\n\t\t\t\t\t\t\t\t<\/div>\n\t\t\t\t<\/div>\n\t\t\t\t\t<\/div>\n\t\t<\/div>\n\t\t\t\t<div class=\"elementor-column elementor-col-33 elementor-top-column elementor-element elementor-element-5d6aa90\" data-id=\"5d6aa90\" data-element_type=\"column\">\n\t\t\t<div class=\"elementor-widget-wrap elementor-element-populated\">\n\t\t\t\t\t\t<div class=\"elementor-element elementor-element-2c6a1fe elementor-position-top elementor-widget elementor-widget-image-box\" data-id=\"2c6a1fe\" data-element_type=\"widget\" data-widget_type=\"image-box.default\">\n\t\t\t\t<div class=\"elementor-widget-container\">\n\t\t\t\t\t<div class=\"elementor-image-box-wrapper\"><figure class=\"elementor-image-box-img\"><img decoding=\"async\" width=\"1920\" height=\"1280\" src=\"https:\/\/www.grace-initiative.eu\/wp-content\/uploads\/2021\/04\/laptop-1478822_1920.jpg\" class=\"elementor-animation-sink attachment-full size-full wp-image-349\" alt=\"\" srcset=\"https:\/\/www.grace-initiative.eu\/wp-content\/uploads\/2021\/04\/laptop-1478822_1920.jpg 1920w, https:\/\/www.grace-initiative.eu\/wp-content\/uploads\/2021\/04\/laptop-1478822_1920-300x200.jpg 300w, https:\/\/www.grace-initiative.eu\/wp-content\/uploads\/2021\/04\/laptop-1478822_1920-1024x683.jpg 1024w, https:\/\/www.grace-initiative.eu\/wp-content\/uploads\/2021\/04\/laptop-1478822_1920-768x512.jpg 768w, https:\/\/www.grace-initiative.eu\/wp-content\/uploads\/2021\/04\/laptop-1478822_1920-1536x1024.jpg 1536w, https:\/\/www.grace-initiative.eu\/wp-content\/uploads\/2021\/04\/laptop-1478822_1920-930x620.jpg 930w\" sizes=\"(max-width: 1920px) 100vw, 1920px\" \/><\/figure><div class=\"elementor-image-box-content\"><h3 class=\"elementor-image-box-title\">Informe sobre las recomendaciones pol\u00edticas<\/h3><p class=\"elementor-image-box-description\">Informe sobre las lecciones aprendidas y las recomendaciones pol\u00edticas; el legado del proyecto GRACE y su contribuci\u00f3n a la agenda pol\u00edtica, profundizando en cuestiones de necesidades y barreras de formaci\u00f3n que necesitan superarse y en los caminos educativos que pueden crearse para mejorar las competencias de las peque\u00f1as empresas culturales y creativas. Gu\u00eda sobre la ampliaci\u00f3n y la transferibilidad, que supondr\u00e1 un resultado clave de la sostenibilidad basado en la experiencia del proyecto y presentar\u00e1 un plan para su ampliaci\u00f3n en otros pa\u00edses y entornos.<\/p><\/div><\/div>\t\t\t\t<\/div>\n\t\t\t\t<\/div>\n\t\t\t\t<div class=\"elementor-element elementor-element-682a310 elementor-align-center elementor-widget elementor-widget-button\" data-id=\"682a310\" data-element_type=\"widget\" data-widget_type=\"button.default\">\n\t\t\t\t<div class=\"elementor-widget-container\">\n\t\t\t\t\t\t\t\t\t<div class=\"elementor-button-wrapper\">\n\t\t\t\t\t<a class=\"elementor-button elementor-button-link elementor-size-sm elementor-animation-grow\" href=\"https:\/\/www.grace-initiative.eu\/wp-content\/uploads\/2023\/03\/GRACE-IO4-ES.pdf\" target=\"_blank\">\n\t\t\t\t\t\t<span class=\"elementor-button-content-wrapper\">\n\t\t\t\t\t\t\t\t\t<span class=\"elementor-button-text\">Disponible aqu\u00ed<\/span>\n\t\t\t\t\t<\/span>\n\t\t\t\t\t<\/a>\n\t\t\t\t<\/div>\n\t\t\t\t\t\t\t\t<\/div>\n\t\t\t\t<\/div>\n\t\t\t\t\t<\/div>\n\t\t<\/div>\n\t\t\t\t\t<\/div>\n\t\t<\/section>\n\t\t\t\t<section class=\"elementor-section elementor-top-section elementor-element elementor-element-3444f8b elementor-section-boxed elementor-section-height-default elementor-section-height-default\" data-id=\"3444f8b\" data-element_type=\"section\">\n\t\t\t\t\t\t<div class=\"elementor-container elementor-column-gap-default\">\n\t\t\t\t\t<div class=\"elementor-column elementor-col-100 elementor-top-column elementor-element elementor-element-91d0f7f\" data-id=\"91d0f7f\" data-element_type=\"column\">\n\t\t\t<div class=\"elementor-widget-wrap elementor-element-populated\">\n\t\t\t\t\t\t<div class=\"elementor-element elementor-element-98c65eb elementor-widget elementor-widget-spacer\" data-id=\"98c65eb\" data-element_type=\"widget\" data-widget_type=\"spacer.default\">\n\t\t\t\t<div class=\"elementor-widget-container\">\n\t\t\t\t\t\t\t<div class=\"elementor-spacer\">\n\t\t\t<div class=\"elementor-spacer-inner\"><\/div>\n\t\t<\/div>\n\t\t\t\t\t\t<\/div>\n\t\t\t\t<\/div>\n\t\t\t\t\t<\/div>\n\t\t<\/div>\n\t\t\t\t\t<\/div>\n\t\t<\/section>\n\t\t\t\t<\/div>\n\t\t","protected":false},"excerpt":{"rendered":"<p>Resultados Plataforma educativa GRACE La plataforma educativa GRACE, disponible en todos los idiomas de las organizaciones socias, ser\u00e1 un espacio educativo no formal para el aprendizaje y la comunicaci\u00f3n abiertos y colaborativos y una reserva de buenas pr\u00e1cticas y otros recursos para las peque\u00f1as empresas. Acoger\u00e1 un curso en l\u00ednea sobre competencias digitales y emprendimiento&hellip;&nbsp;<a href=\"https:\/\/www.grace-initiative.eu\/?page_id=102\" rel=\"bookmark\">Read More &raquo;<span class=\"screen-reader-text\">Resultados<\/span><\/a><\/p>\n","protected":false},"author":1,"featured_media":0,"parent":0,"menu_order":41,"comment_status":"closed","ping_status":"closed","template":"page-templates\/template-pagebuilder-full-width.php","meta":{"neve_meta_sidebar":"full-width","neve_meta_container":"","neve_meta_enable_content_width":"on","neve_meta_content_width":100,"neve_meta_title_alignment":"","neve_meta_author_avatar":"","neve_post_elements_order":"","neve_meta_disable_header":"","neve_meta_disable_footer":"","neve_meta_disable_title":"","footnotes":""},"class_list":["post-102","page","type-page","status-publish","hentry"],"_links":{"self":[{"href":"https:\/\/www.grace-initiative.eu\/index.php?rest_route=\/wp\/v2\/pages\/102","targetHints":{"allow":["GET"]}}],"collection":[{"href":"https:\/\/www.grace-initiative.eu\/index.php?rest_route=\/wp\/v2\/pages"}],"about":[{"href":"https:\/\/www.grace-initiative.eu\/index.php?rest_route=\/wp\/v2\/types\/page"}],"author":[{"embeddable":true,"href":"https:\/\/www.grace-initiative.eu\/index.php?rest_route=\/wp\/v2\/users\/1"}],"replies":[{"embeddable":true,"href":"https:\/\/www.grace-initiative.eu\/index.php?rest_route=%2Fwp%2Fv2%2Fcomments&post=102"}],"version-history":[{"count":25,"href":"https:\/\/www.grace-initiative.eu\/index.php?rest_route=\/wp\/v2\/pages\/102\/revisions"}],"predecessor-version":[{"id":772,"href":"https:\/\/www.grace-initiative.eu\/index.php?rest_route=\/wp\/v2\/pages\/102\/revisions\/772"}],"wp:attachment":[{"href":"https:\/\/www.grace-initiative.eu\/index.php?rest_route=%2Fwp%2Fv2%2Fmedia&parent=102"}],"curies":[{"name":"wp","href":"https:\/\/api.w.org\/{rel}","templated":true}]}}